{"id":1007,"date":"2015-08-08T16:28:51","date_gmt":"2015-08-08T14:28:51","guid":{"rendered":"http:\/\/www.svmuttensweiler.de\/page\/?page_id=1007"},"modified":"2024-03-23T16:47:28","modified_gmt":"2024-03-23T15:47:28","slug":"beitragsordnung-tennis","status":"publish","type":"page","link":"https:\/\/www.svmuttensweiler.de\/page\/tennis\/beitragsordnung-tennis\/","title":{"rendered":"Beitragsordnung Tennis"},"content":{"rendered":"<p><strong>1. Regelm\u00e4\u00dfiger Jahresbeitrag (ohne Beitrag des Hauptvereins):<\/strong><\/p>\n<p>Kinder und Jugendliche unter 18 Jahren\u00a0\u00a0 \u20ac 20<br \/>\nab 18 Jahren\u00a0\u00a0 \u20ac 30<br \/>\nab 30 Jahren\u00a0\u00a0 \u20ac 40<br \/>\nab 60 Jahren \u00a0\u00a0 \u20ac 30<\/p>\n<p>\u201eRuhende Mitglieder\u201c 50% des jeweiligen Beitrags<br \/>\n(Antrag muss bis 30.4. schriftlich beim Abteilungsleiter eingegangen sein).<\/p>\n<p>Beitrag f\u00fcr Ausschussmitglieder 50%<\/p>\n<p><strong>2. <\/strong><strong>Arbeitsleistungen:<\/strong><br \/>\nAlle Mitglieder im Alter von 16-65 Jahren haben f\u00fcr Instandhaltung, Reinigung, Bau- und Pflegema\u00dfnahmen der Tennisanlage j\u00e4hrlich eine Arbeitsleistung von 6 Arbeitsstunden zu erbringen.<br \/>\nF\u00fcr nicht geleistete Arbeitsstunden sind f\u00e4llig:<br \/>\n16-65 j\u00e4hrige Mitglieder:\u00a0\u00a0 \u20ac 15,00<\/p>\n<p><strong>3. Gastspieler:<\/strong><br \/>\nDie Tennisstunde mit einem Gastspieler kostet\u00a0 \u20ac 4<\/p>\n<p><strong>4<\/strong>. Bei Vereinseintritt bis zum 15. Juli ist der volle Mitgliedergrundbeitrag, ab 16. Juli der halbe Mitgliedergrundbeitrag zu entrichten.<\/p>\n<p><strong>5.<\/strong> Der Vereinsaustritt ist nur zum 31. Dezember eines Kalenderjahres m\u00f6glich und muss schriftlich erkl\u00e4rt werden.<\/p>\n","protected":false},"excerpt":{"rendered":"<p>1. Regelm\u00e4\u00dfiger Jahresbeitrag (ohne Beitrag des Hauptvereins): Kinder und Jugendliche unter 18 Jahren\u00a0\u00a0 \u20ac 20 ab 18 Jahren\u00a0\u00a0 \u20ac 30 ab 30 Jahren\u00a0\u00a0 \u20ac 40 ab 60 Jahren \u00a0\u00a0 \u20ac 30 \u201eRuhende Mitglieder\u201c 50% des jeweiligen Beitrags (Antrag muss bis 30.4. schriftlich beim Abteilungsleiter eingegangen sein). Beitrag f\u00fcr Ausschussmitglieder 50% 2. Arbeitsleistungen: Alle Mitglieder im [&hellip;]<\/p>\n","protected":false},"author":1,"featured_media":0,"parent":80,"menu_order":0,"comment_status":"open","ping_status":"closed","template":"","meta":{"footnotes":""},"class_list":["post-1007","page","type-page","status-publish","hentry"],"yoast_head":"<!-- This site is optimized with the Yoast SEO plugin v26.2 - https:\/\/yoast.com\/wordpress\/plugins\/seo\/ -->\n<title>Beitragsordnung Tennis - SV Ingoldingen - Muttensweiler - Steinhausen e.V.<\/title>\n<meta name=\"robots\" content=\"index, follow, max-snippet:-1, max-image-preview:large, max-video-preview:-1\" \/>\n<link rel=\"canonical\" href=\"https:\/\/www.svmuttensweiler.de\/page\/tennis\/beitragsordnung-tennis\/\" \/>\n<meta property=\"og:locale\" content=\"de_DE\" \/>\n<meta property=\"og:type\" content=\"article\" \/>\n<meta property=\"og:title\" content=\"Beitragsordnung Tennis - SV Ingoldingen - Muttensweiler - Steinhausen e.V.\" \/>\n<meta property=\"og:description\" content=\"1. Regelm\u00e4\u00dfiger Jahresbeitrag (ohne Beitrag des Hauptvereins): Kinder und Jugendliche unter 18 Jahren\u00a0\u00a0 \u20ac 20 ab 18 Jahren\u00a0\u00a0 \u20ac 30 ab 30 Jahren\u00a0\u00a0 \u20ac 40 ab 60 Jahren \u00a0\u00a0 \u20ac 30 \u201eRuhende Mitglieder\u201c 50% des jeweiligen Beitrags (Antrag muss bis 30.4. schriftlich beim Abteilungsleiter eingegangen sein). Beitrag f\u00fcr Ausschussmitglieder 50% 2. Arbeitsleistungen: Alle Mitglieder im [&hellip;]\" \/>\n<meta property=\"og:url\" content=\"https:\/\/www.svmuttensweiler.de\/page\/tennis\/beitragsordnung-tennis\/\" \/>\n<meta property=\"og:site_name\" content=\"SV Ingoldingen - Muttensweiler - Steinhausen e.V.\" \/>\n<meta property=\"article:publisher\" content=\"https:\/\/www.facebook.com\/svmuttensweiler\/?locale=de_DE\" \/>\n<meta property=\"article:modified_time\" content=\"2024-03-23T15:47:28+00:00\" \/>\n<meta name=\"twitter:card\" content=\"summary_large_image\" \/>\n<meta name=\"twitter:label1\" content=\"Gesch\u00e4tzte Lesezeit\" \/>\n\t<meta name=\"twitter:data1\" content=\"1\u00a0Minute\" \/>\n<script type=\"application\/ld+json\" class=\"yoast-schema-graph\">{\"@context\":\"https:\/\/schema.org\",\"@graph\":[{\"@type\":\"WebPage\",\"@id\":\"https:\/\/www.svmuttensweiler.de\/page\/tennis\/beitragsordnung-tennis\/\",\"url\":\"https:\/\/www.svmuttensweiler.de\/page\/tennis\/beitragsordnung-tennis\/\",\"name\":\"Beitragsordnung Tennis - SV Ingoldingen - Muttensweiler - Steinhausen e.V.\",\"isPartOf\":{\"@id\":\"https:\/\/www.svmuttensweiler.de\/page\/#website\"},\"datePublished\":\"2015-08-08T14:28:51+00:00\",\"dateModified\":\"2024-03-23T15:47:28+00:00\",\"breadcrumb\":{\"@id\":\"https:\/\/www.svmuttensweiler.de\/page\/tennis\/beitragsordnung-tennis\/#breadcrumb\"},\"inLanguage\":\"de\",\"potentialAction\":[{\"@type\":\"ReadAction\",\"target\":[\"https:\/\/www.svmuttensweiler.de\/page\/tennis\/beitragsordnung-tennis\/\"]}]},{\"@type\":\"BreadcrumbList\",\"@id\":\"https:\/\/www.svmuttensweiler.de\/page\/tennis\/beitragsordnung-tennis\/#breadcrumb\",\"itemListElement\":[{\"@type\":\"ListItem\",\"position\":1,\"name\":\"Startseite\",\"item\":\"https:\/\/www.svmuttensweiler.de\/page\/\"},{\"@type\":\"ListItem\",\"position\":2,\"name\":\"Tennis\",\"item\":\"https:\/\/www.svmuttensweiler.de\/page\/tennis\/\"},{\"@type\":\"ListItem\",\"position\":3,\"name\":\"Beitragsordnung Tennis\"}]},{\"@type\":\"WebSite\",\"@id\":\"https:\/\/www.svmuttensweiler.de\/page\/#website\",\"url\":\"https:\/\/www.svmuttensweiler.de\/page\/\",\"name\":\"SV Ingoldingen - Muttensweiler - Steinhausen e.V.\",\"description\":\"Homepage\",\"publisher\":{\"@id\":\"https:\/\/www.svmuttensweiler.de\/page\/#organization\"},\"alternateName\":\"SV Muttensweiler\",\"potentialAction\":[{\"@type\":\"SearchAction\",\"target\":{\"@type\":\"EntryPoint\",\"urlTemplate\":\"https:\/\/www.svmuttensweiler.de\/page\/?s={search_term_string}\"},\"query-input\":{\"@type\":\"PropertyValueSpecification\",\"valueRequired\":true,\"valueName\":\"search_term_string\"}}],\"inLanguage\":\"de\"},{\"@type\":\"Organization\",\"@id\":\"https:\/\/www.svmuttensweiler.de\/page\/#organization\",\"name\":\"SV Ingoldingen - Muttensweiler - Steinhausen e.V.\",\"url\":\"https:\/\/www.svmuttensweiler.de\/page\/\",\"logo\":{\"@type\":\"ImageObject\",\"inLanguage\":\"de\",\"@id\":\"https:\/\/www.svmuttensweiler.de\/page\/#\/schema\/logo\/image\/\",\"url\":\"https:\/\/www.svmuttensweiler.de\/page\/wp-content\/uploads\/2023\/04\/Logo-gemalt.jpg\",\"contentUrl\":\"https:\/\/www.svmuttensweiler.de\/page\/wp-content\/uploads\/2023\/04\/Logo-gemalt.jpg\",\"width\":382,\"height\":378,\"caption\":\"SV Ingoldingen - Muttensweiler - Steinhausen e.V.\"},\"image\":{\"@id\":\"https:\/\/www.svmuttensweiler.de\/page\/#\/schema\/logo\/image\/\"},\"sameAs\":[\"https:\/\/www.facebook.com\/svmuttensweiler\/?locale=de_DE\"]}]}<\/script>\n<!-- \/ Yoast SEO plugin. -->","yoast_head_json":{"title":"Beitragsordnung Tennis - SV Ingoldingen - Muttensweiler - Steinhausen e.V.","robots":{"index":"index","follow":"follow","max-snippet":"max-snippet:-1","max-image-preview":"max-image-preview:large","max-video-preview":"max-video-preview:-1"},"canonical":"https:\/\/www.svmuttensweiler.de\/page\/tennis\/beitragsordnung-tennis\/","og_locale":"de_DE","og_type":"article","og_title":"Beitragsordnung Tennis - SV Ingoldingen - Muttensweiler - Steinhausen e.V.","og_description":"1. Regelm\u00e4\u00dfiger Jahresbeitrag (ohne Beitrag des Hauptvereins): Kinder und Jugendliche unter 18 Jahren\u00a0\u00a0 \u20ac 20 ab 18 Jahren\u00a0\u00a0 \u20ac 30 ab 30 Jahren\u00a0\u00a0 \u20ac 40 ab 60 Jahren \u00a0\u00a0 \u20ac 30 \u201eRuhende Mitglieder\u201c 50% des jeweiligen Beitrags (Antrag muss bis 30.4. schriftlich beim Abteilungsleiter eingegangen sein). Beitrag f\u00fcr Ausschussmitglieder 50% 2. Arbeitsleistungen: Alle Mitglieder im [&hellip;]","og_url":"https:\/\/www.svmuttensweiler.de\/page\/tennis\/beitragsordnung-tennis\/","og_site_name":"SV Ingoldingen - Muttensweiler - Steinhausen e.V.","article_publisher":"https:\/\/www.facebook.com\/svmuttensweiler\/?locale=de_DE","article_modified_time":"2024-03-23T15:47:28+00:00","twitter_card":"summary_large_image","twitter_misc":{"Gesch\u00e4tzte Lesezeit":"1\u00a0Minute"},"schema":{"@context":"https:\/\/schema.org","@graph":[{"@type":"WebPage","@id":"https:\/\/www.svmuttensweiler.de\/page\/tennis\/beitragsordnung-tennis\/","url":"https:\/\/www.svmuttensweiler.de\/page\/tennis\/beitragsordnung-tennis\/","name":"Beitragsordnung Tennis - SV Ingoldingen - Muttensweiler - Steinhausen e.V.","isPartOf":{"@id":"https:\/\/www.svmuttensweiler.de\/page\/#website"},"datePublished":"2015-08-08T14:28:51+00:00","dateModified":"2024-03-23T15:47:28+00:00","breadcrumb":{"@id":"https:\/\/www.svmuttensweiler.de\/page\/tennis\/beitragsordnung-tennis\/#breadcrumb"},"inLanguage":"de","potentialAction":[{"@type":"ReadAction","target":["https:\/\/www.svmuttensweiler.de\/page\/tennis\/beitragsordnung-tennis\/"]}]},{"@type":"BreadcrumbList","@id":"https:\/\/www.svmuttensweiler.de\/page\/tennis\/beitragsordnung-tennis\/#breadcrumb","itemListElement":[{"@type":"ListItem","position":1,"name":"Startseite","item":"https:\/\/www.svmuttensweiler.de\/page\/"},{"@type":"ListItem","position":2,"name":"Tennis","item":"https:\/\/www.svmuttensweiler.de\/page\/tennis\/"},{"@type":"ListItem","position":3,"name":"Beitragsordnung Tennis"}]},{"@type":"WebSite","@id":"https:\/\/www.svmuttensweiler.de\/page\/#website","url":"https:\/\/www.svmuttensweiler.de\/page\/","name":"SV Ingoldingen - Muttensweiler - Steinhausen e.V.","description":"Homepage","publisher":{"@id":"https:\/\/www.svmuttensweiler.de\/page\/#organization"},"alternateName":"SV Muttensweiler","potentialAction":[{"@type":"SearchAction","target":{"@type":"EntryPoint","urlTemplate":"https:\/\/www.svmuttensweiler.de\/page\/?s={search_term_string}"},"query-input":{"@type":"PropertyValueSpecification","valueRequired":true,"valueName":"search_term_string"}}],"inLanguage":"de"},{"@type":"Organization","@id":"https:\/\/www.svmuttensweiler.de\/page\/#organization","name":"SV Ingoldingen - Muttensweiler - Steinhausen e.V.","url":"https:\/\/www.svmuttensweiler.de\/page\/","logo":{"@type":"ImageObject","inLanguage":"de","@id":"https:\/\/www.svmuttensweiler.de\/page\/#\/schema\/logo\/image\/","url":"https:\/\/www.svmuttensweiler.de\/page\/wp-content\/uploads\/2023\/04\/Logo-gemalt.jpg","contentUrl":"https:\/\/www.svmuttensweiler.de\/page\/wp-content\/uploads\/2023\/04\/Logo-gemalt.jpg","width":382,"height":378,"caption":"SV Ingoldingen - Muttensweiler - Steinhausen e.V."},"image":{"@id":"https:\/\/www.svmuttensweiler.de\/page\/#\/schema\/logo\/image\/"},"sameAs":["https:\/\/www.facebook.com\/svmuttensweiler\/?locale=de_DE"]}]}},"_links":{"self":[{"href":"https:\/\/www.svmuttensweiler.de\/page\/wp-json\/wp\/v2\/pages\/1007","targetHints":{"allow":["GET"]}}],"collection":[{"href":"https:\/\/www.svmuttensweiler.de\/page\/wp-json\/wp\/v2\/pages"}],"about":[{"href":"https:\/\/www.svmuttensweiler.de\/page\/wp-json\/wp\/v2\/types\/page"}],"author":[{"embeddable":true,"href":"https:\/\/www.svmuttensweiler.de\/page\/wp-json\/wp\/v2\/users\/1"}],"replies":[{"embeddable":true,"href":"https:\/\/www.svmuttensweiler.de\/page\/wp-json\/wp\/v2\/comments?post=1007"}],"version-history":[{"count":5,"href":"https:\/\/www.svmuttensweiler.de\/page\/wp-json\/wp\/v2\/pages\/1007\/revisions"}],"predecessor-version":[{"id":3305,"href":"https:\/\/www.svmuttensweiler.de\/page\/wp-json\/wp\/v2\/pages\/1007\/revisions\/3305"}],"up":[{"embeddable":true,"href":"https:\/\/www.svmuttensweiler.de\/page\/wp-json\/wp\/v2\/pages\/80"}],"wp:attachment":[{"href":"https:\/\/www.svmuttensweiler.de\/page\/wp-json\/wp\/v2\/media?parent=1007"}],"curies":[{"name":"wp","href":"https:\/\/api.w.org\/{rel}","templated":true}]}}