{"id":350,"date":"2015-03-07T19:29:07","date_gmt":"2015-03-07T18:29:07","guid":{"rendered":"http:\/\/www.svmuttensweiler.de\/page\/?page_id=350"},"modified":"2020-01-22T17:18:55","modified_gmt":"2020-01-22T16:18:55","slug":"boule","status":"publish","type":"page","link":"https:\/\/www.svmuttensweiler.de\/page\/breitensport\/boule\/","title":{"rendered":"Boule"},"content":{"rendered":"<p>F\u00fcr n\u00e4here Informationen beim Betreuer nachfragen.<\/p>\n<p>Dienstag 18:00 Uhr (ab M\u00e4rz), Spielfeld in Muttensweiler bei der Turnhalle<\/p>\n<p>Betreuer:\u00a0 Daniela Maurer, Holger Porath<\/p>\n","protected":false},"excerpt":{"rendered":"<p>F\u00fcr n\u00e4here Informationen beim Betreuer nachfragen. Dienstag 18:00 Uhr (ab M\u00e4rz), Spielfeld in Muttensweiler bei der Turnhalle Betreuer:\u00a0 Daniela Maurer, Holger Porath<\/p>\n","protected":false},"author":1,"featured_media":0,"parent":82,"menu_order":0,"comment_status":"closed","ping_status":"closed","template":"page-sidebar-fussball.php","meta":{"footnotes":""},"class_list":["post-350","page","type-page","status-publish","hentry"],"yoast_head":"<!-- This site is optimized with the Yoast SEO plugin v26.2 - https:\/\/yoast.com\/wordpress\/plugins\/seo\/ -->\n<title>Boule - SV Ingoldingen - Muttensweiler - Steinhausen e.V.<\/title>\n<meta name=\"robots\" content=\"index, follow, max-snippet:-1, max-image-preview:large, max-video-preview:-1\" \/>\n<link rel=\"canonical\" href=\"https:\/\/www.svmuttensweiler.de\/page\/breitensport\/boule\/\" \/>\n<meta property=\"og:locale\" content=\"de_DE\" \/>\n<meta property=\"og:type\" content=\"article\" \/>\n<meta property=\"og:title\" content=\"Boule - SV Ingoldingen - Muttensweiler - Steinhausen e.V.\" \/>\n<meta property=\"og:description\" content=\"F\u00fcr n\u00e4here Informationen beim Betreuer nachfragen. Dienstag 18:00 Uhr (ab M\u00e4rz), Spielfeld in Muttensweiler bei der Turnhalle Betreuer:\u00a0 Daniela Maurer, Holger Porath\" \/>\n<meta property=\"og:url\" content=\"https:\/\/www.svmuttensweiler.de\/page\/breitensport\/boule\/\" \/>\n<meta property=\"og:site_name\" content=\"SV Ingoldingen - Muttensweiler - Steinhausen e.V.\" \/>\n<meta property=\"article:publisher\" content=\"https:\/\/www.facebook.com\/svmuttensweiler\/?locale=de_DE\" \/>\n<meta property=\"article:modified_time\" content=\"2020-01-22T16:18:55+00:00\" \/>\n<meta name=\"twitter:card\" content=\"summary_large_image\" \/>\n<script type=\"application\/ld+json\" class=\"yoast-schema-graph\">{\"@context\":\"https:\/\/schema.org\",\"@graph\":[{\"@type\":\"WebPage\",\"@id\":\"https:\/\/www.svmuttensweiler.de\/page\/breitensport\/boule\/\",\"url\":\"https:\/\/www.svmuttensweiler.de\/page\/breitensport\/boule\/\",\"name\":\"Boule - SV Ingoldingen - Muttensweiler - Steinhausen e.V.\",\"isPartOf\":{\"@id\":\"https:\/\/www.svmuttensweiler.de\/page\/#website\"},\"datePublished\":\"2015-03-07T18:29:07+00:00\",\"dateModified\":\"2020-01-22T16:18:55+00:00\",\"breadcrumb\":{\"@id\":\"https:\/\/www.svmuttensweiler.de\/page\/breitensport\/boule\/#breadcrumb\"},\"inLanguage\":\"de\",\"potentialAction\":[{\"@type\":\"ReadAction\",\"target\":[\"https:\/\/www.svmuttensweiler.de\/page\/breitensport\/boule\/\"]}]},{\"@type\":\"BreadcrumbList\",\"@id\":\"https:\/\/www.svmuttensweiler.de\/page\/breitensport\/boule\/#breadcrumb\",\"itemListElement\":[{\"@type\":\"ListItem\",\"position\":1,\"name\":\"Startseite\",\"item\":\"https:\/\/www.svmuttensweiler.de\/page\/\"},{\"@type\":\"ListItem\",\"position\":2,\"name\":\"Breitensport\",\"item\":\"https:\/\/www.svmuttensweiler.de\/page\/breitensport\/\"},{\"@type\":\"ListItem\",\"position\":3,\"name\":\"Boule\"}]},{\"@type\":\"WebSite\",\"@id\":\"https:\/\/www.svmuttensweiler.de\/page\/#website\",\"url\":\"https:\/\/www.svmuttensweiler.de\/page\/\",\"name\":\"SV Ingoldingen - Muttensweiler - Steinhausen e.V.\",\"description\":\"Homepage\",\"publisher\":{\"@id\":\"https:\/\/www.svmuttensweiler.de\/page\/#organization\"},\"alternateName\":\"SV Muttensweiler\",\"potentialAction\":[{\"@type\":\"SearchAction\",\"target\":{\"@type\":\"EntryPoint\",\"urlTemplate\":\"https:\/\/www.svmuttensweiler.de\/page\/?s={search_term_string}\"},\"query-input\":{\"@type\":\"PropertyValueSpecification\",\"valueRequired\":true,\"valueName\":\"search_term_string\"}}],\"inLanguage\":\"de\"},{\"@type\":\"Organization\",\"@id\":\"https:\/\/www.svmuttensweiler.de\/page\/#organization\",\"name\":\"SV Ingoldingen - Muttensweiler - Steinhausen e.V.\",\"url\":\"https:\/\/www.svmuttensweiler.de\/page\/\",\"logo\":{\"@type\":\"ImageObject\",\"inLanguage\":\"de\",\"@id\":\"https:\/\/www.svmuttensweiler.de\/page\/#\/schema\/logo\/image\/\",\"url\":\"https:\/\/www.svmuttensweiler.de\/page\/wp-content\/uploads\/2023\/04\/Logo-gemalt.jpg\",\"contentUrl\":\"https:\/\/www.svmuttensweiler.de\/page\/wp-content\/uploads\/2023\/04\/Logo-gemalt.jpg\",\"width\":382,\"height\":378,\"caption\":\"SV Ingoldingen - Muttensweiler - Steinhausen e.V.\"},\"image\":{\"@id\":\"https:\/\/www.svmuttensweiler.de\/page\/#\/schema\/logo\/image\/\"},\"sameAs\":[\"https:\/\/www.facebook.com\/svmuttensweiler\/?locale=de_DE\"]}]}<\/script>\n<!-- \/ Yoast SEO plugin. -->","yoast_head_json":{"title":"Boule - SV Ingoldingen - Muttensweiler - Steinhausen e.V.","robots":{"index":"index","follow":"follow","max-snippet":"max-snippet:-1","max-image-preview":"max-image-preview:large","max-video-preview":"max-video-preview:-1"},"canonical":"https:\/\/www.svmuttensweiler.de\/page\/breitensport\/boule\/","og_locale":"de_DE","og_type":"article","og_title":"Boule - SV Ingoldingen - Muttensweiler - Steinhausen e.V.","og_description":"F\u00fcr n\u00e4here Informationen beim Betreuer nachfragen. Dienstag 18:00 Uhr (ab M\u00e4rz), Spielfeld in Muttensweiler bei der Turnhalle Betreuer:\u00a0 Daniela Maurer, Holger Porath","og_url":"https:\/\/www.svmuttensweiler.de\/page\/breitensport\/boule\/","og_site_name":"SV Ingoldingen - Muttensweiler - Steinhausen e.V.","article_publisher":"https:\/\/www.facebook.com\/svmuttensweiler\/?locale=de_DE","article_modified_time":"2020-01-22T16:18:55+00:00","twitter_card":"summary_large_image","schema":{"@context":"https:\/\/schema.org","@graph":[{"@type":"WebPage","@id":"https:\/\/www.svmuttensweiler.de\/page\/breitensport\/boule\/","url":"https:\/\/www.svmuttensweiler.de\/page\/breitensport\/boule\/","name":"Boule - SV Ingoldingen - Muttensweiler - Steinhausen e.V.","isPartOf":{"@id":"https:\/\/www.svmuttensweiler.de\/page\/#website"},"datePublished":"2015-03-07T18:29:07+00:00","dateModified":"2020-01-22T16:18:55+00:00","breadcrumb":{"@id":"https:\/\/www.svmuttensweiler.de\/page\/breitensport\/boule\/#breadcrumb"},"inLanguage":"de","potentialAction":[{"@type":"ReadAction","target":["https:\/\/www.svmuttensweiler.de\/page\/breitensport\/boule\/"]}]},{"@type":"BreadcrumbList","@id":"https:\/\/www.svmuttensweiler.de\/page\/breitensport\/boule\/#breadcrumb","itemListElement":[{"@type":"ListItem","position":1,"name":"Startseite","item":"https:\/\/www.svmuttensweiler.de\/page\/"},{"@type":"ListItem","position":2,"name":"Breitensport","item":"https:\/\/www.svmuttensweiler.de\/page\/breitensport\/"},{"@type":"ListItem","position":3,"name":"Boule"}]},{"@type":"WebSite","@id":"https:\/\/www.svmuttensweiler.de\/page\/#website","url":"https:\/\/www.svmuttensweiler.de\/page\/","name":"SV Ingoldingen - Muttensweiler - Steinhausen e.V.","description":"Homepage","publisher":{"@id":"https:\/\/www.svmuttensweiler.de\/page\/#organization"},"alternateName":"SV Muttensweiler","potentialAction":[{"@type":"SearchAction","target":{"@type":"EntryPoint","urlTemplate":"https:\/\/www.svmuttensweiler.de\/page\/?s={search_term_string}"},"query-input":{"@type":"PropertyValueSpecification","valueRequired":true,"valueName":"search_term_string"}}],"inLanguage":"de"},{"@type":"Organization","@id":"https:\/\/www.svmuttensweiler.de\/page\/#organization","name":"SV Ingoldingen - Muttensweiler - Steinhausen e.V.","url":"https:\/\/www.svmuttensweiler.de\/page\/","logo":{"@type":"ImageObject","inLanguage":"de","@id":"https:\/\/www.svmuttensweiler.de\/page\/#\/schema\/logo\/image\/","url":"https:\/\/www.svmuttensweiler.de\/page\/wp-content\/uploads\/2023\/04\/Logo-gemalt.jpg","contentUrl":"https:\/\/www.svmuttensweiler.de\/page\/wp-content\/uploads\/2023\/04\/Logo-gemalt.jpg","width":382,"height":378,"caption":"SV Ingoldingen - Muttensweiler - Steinhausen e.V."},"image":{"@id":"https:\/\/www.svmuttensweiler.de\/page\/#\/schema\/logo\/image\/"},"sameAs":["https:\/\/www.facebook.com\/svmuttensweiler\/?locale=de_DE"]}]}},"_links":{"self":[{"href":"https:\/\/www.svmuttensweiler.de\/page\/wp-json\/wp\/v2\/pages\/350","targetHints":{"allow":["GET"]}}],"collection":[{"href":"https:\/\/www.svmuttensweiler.de\/page\/wp-json\/wp\/v2\/pages"}],"about":[{"href":"https:\/\/www.svmuttensweiler.de\/page\/wp-json\/wp\/v2\/types\/page"}],"author":[{"embeddable":true,"href":"https:\/\/www.svmuttensweiler.de\/page\/wp-json\/wp\/v2\/users\/1"}],"replies":[{"embeddable":true,"href":"https:\/\/www.svmuttensweiler.de\/page\/wp-json\/wp\/v2\/comments?post=350"}],"version-history":[{"count":2,"href":"https:\/\/www.svmuttensweiler.de\/page\/wp-json\/wp\/v2\/pages\/350\/revisions"}],"predecessor-version":[{"id":2366,"href":"https:\/\/www.svmuttensweiler.de\/page\/wp-json\/wp\/v2\/pages\/350\/revisions\/2366"}],"up":[{"embeddable":true,"href":"https:\/\/www.svmuttensweiler.de\/page\/wp-json\/wp\/v2\/pages\/82"}],"wp:attachment":[{"href":"https:\/\/www.svmuttensweiler.de\/page\/wp-json\/wp\/v2\/media?parent=350"}],"curies":[{"name":"wp","href":"https:\/\/api.w.org\/{rel}","templated":true}]}}