{"id":369,"date":"2015-03-07T19:48:38","date_gmt":"2015-03-07T18:48:38","guid":{"rendered":"http:\/\/www.svmuttensweiler.de\/page\/?page_id=369"},"modified":"2025-02-10T11:36:02","modified_gmt":"2025-02-10T10:36:02","slug":"allgemeine-daten","status":"publish","type":"page","link":"https:\/\/www.svmuttensweiler.de\/page\/allgemeine-daten\/","title":{"rendered":"Allgemeine Daten"},"content":{"rendered":"<p><strong>Gr\u00fcndungsdatum:<\/strong><br \/>\n17. Juli 1948, Gr\u00fcndung im Adler Muttensweiler<\/p>\n<p><strong>Mitglieder:<\/strong><br \/>\n730\u00a0 Mitglieder (Stand 01.05.2023)<\/p>\n<p><strong>Sportst\u00e4tte:<\/strong><br \/>\nSportgel\u00e4nde Ingoldingen: Sportplatz, Turnhalle<br \/>\nSportgel\u00e4nde Muttensweiler: Sportplatz, Turnhalle,<br \/>\nTennispl\u00e4tze, Spielplatz, Beachvolleyballplatz<\/p>\n<p><strong>Abteilungsgr\u00fcndungen<\/strong><br \/>\nHerbst 1947 Aufnahme des Spielbetriebs Fu\u00dfball in der B-Klasse \u201eRi\u00df\u201c<br \/>\n17.07.1948 Gr\u00fcndungversammlung des Sportvereins im Adler Muttensweiler<br \/>\n1959-1961 Einstellung des Spielbetriebs<br \/>\nHerbst 1963 Aufnahme des \u00dcbungsbetriebs Leichtathletik<br \/>\n1964 Gr\u00fcndung der Abteilung Breitensport<br \/>\n02.10.1976 Gr\u00fcndung der Abteilung Tennis<br \/>\n02.04.1977 Aufnahme Tennis in den Sportverein in der Mitgliederversammlung<br \/>\nHerbst 1977 Aufnahme des Trainingsbetriebs Kunstradfahren<br \/>\n26.02.1978 Gr\u00fcndung der Abteilung Radsport<br \/>\n28.03.1981 Gr\u00fcndung der Abteilung Ski<br \/>\nCa. 1981 Aufnahme des Spielbetriebs Volleyball in der Breitensportabteilung<br \/>\n15.03.1986 Gr\u00fcndung der Abteilung Volleyball<\/p>\n<p><strong>Vereinsheim:<\/strong><br \/>\nVereinsheim Muttensweiler<br \/>\nTel.: 07583\/ 3648<\/p>\n<p><strong>Vorstand:<\/strong><br \/>\nJosef Gleinser<br \/>\n<a href=\"https:\/\/www.svmuttensweiler.de\/page\/kontakt-vorstandschaft\/\">s. Kontakt\u00a0<\/a><\/p>\n","protected":false},"excerpt":{"rendered":"<p>Gr\u00fcndungsdatum: 17. Juli 1948, Gr\u00fcndung im Adler Muttensweiler Mitglieder: 730\u00a0 Mitglieder (Stand 01.05.2023) Sportst\u00e4tte: Sportgel\u00e4nde Ingoldingen: Sportplatz, Turnhalle Sportgel\u00e4nde Muttensweiler: Sportplatz, Turnhalle, Tennispl\u00e4tze, Spielplatz, Beachvolleyballplatz Abteilungsgr\u00fcndungen Herbst 1947 Aufnahme des Spielbetriebs Fu\u00dfball in der B-Klasse \u201eRi\u00df\u201c 17.07.1948 Gr\u00fcndungversammlung des Sportvereins im Adler Muttensweiler 1959-1961 Einstellung des Spielbetriebs Herbst 1963 Aufnahme des \u00dcbungsbetriebs Leichtathletik 1964 Gr\u00fcndung [&hellip;]<\/p>\n","protected":false},"author":1,"featured_media":0,"parent":0,"menu_order":0,"comment_status":"closed","ping_status":"closed","template":"page-sidebar-fussball.php","meta":{"footnotes":""},"class_list":["post-369","page","type-page","status-publish","hentry"],"yoast_head":"<!-- This site is optimized with the Yoast SEO plugin v26.2 - https:\/\/yoast.com\/wordpress\/plugins\/seo\/ -->\n<title>Allgemeine Daten - SV Ingoldingen - Muttensweiler - Steinhausen e.V.<\/title>\n<meta name=\"robots\" content=\"index, follow, max-snippet:-1, max-image-preview:large, max-video-preview:-1\" \/>\n<link rel=\"canonical\" href=\"https:\/\/www.svmuttensweiler.de\/page\/allgemeine-daten\/\" \/>\n<meta property=\"og:locale\" content=\"de_DE\" \/>\n<meta property=\"og:type\" content=\"article\" \/>\n<meta property=\"og:title\" content=\"Allgemeine Daten - SV Ingoldingen - Muttensweiler - Steinhausen e.V.\" \/>\n<meta property=\"og:description\" content=\"Gr\u00fcndungsdatum: 17. Juli 1948, Gr\u00fcndung im Adler Muttensweiler Mitglieder: 730\u00a0 Mitglieder (Stand 01.05.2023) Sportst\u00e4tte: Sportgel\u00e4nde Ingoldingen: Sportplatz, Turnhalle Sportgel\u00e4nde Muttensweiler: Sportplatz, Turnhalle, Tennispl\u00e4tze, Spielplatz, Beachvolleyballplatz Abteilungsgr\u00fcndungen Herbst 1947 Aufnahme des Spielbetriebs Fu\u00dfball in der B-Klasse \u201eRi\u00df\u201c 17.07.1948 Gr\u00fcndungversammlung des Sportvereins im Adler Muttensweiler 1959-1961 Einstellung des Spielbetriebs Herbst 1963 Aufnahme des \u00dcbungsbetriebs Leichtathletik 1964 Gr\u00fcndung [&hellip;]\" \/>\n<meta property=\"og:url\" content=\"https:\/\/www.svmuttensweiler.de\/page\/allgemeine-daten\/\" \/>\n<meta property=\"og:site_name\" content=\"SV Ingoldingen - Muttensweiler - Steinhausen e.V.\" \/>\n<meta property=\"article:publisher\" content=\"https:\/\/www.facebook.com\/svmuttensweiler\/?locale=de_DE\" \/>\n<meta property=\"article:modified_time\" content=\"2025-02-10T10:36:02+00:00\" \/>\n<meta name=\"twitter:card\" content=\"summary_large_image\" \/>\n<meta name=\"twitter:label1\" content=\"Gesch\u00e4tzte Lesezeit\" \/>\n\t<meta name=\"twitter:data1\" content=\"1\u00a0Minute\" \/>\n<script type=\"application\/ld+json\" class=\"yoast-schema-graph\">{\"@context\":\"https:\/\/schema.org\",\"@graph\":[{\"@type\":\"WebPage\",\"@id\":\"https:\/\/www.svmuttensweiler.de\/page\/allgemeine-daten\/\",\"url\":\"https:\/\/www.svmuttensweiler.de\/page\/allgemeine-daten\/\",\"name\":\"Allgemeine Daten - SV Ingoldingen - Muttensweiler - Steinhausen e.V.\",\"isPartOf\":{\"@id\":\"https:\/\/www.svmuttensweiler.de\/page\/#website\"},\"datePublished\":\"2015-03-07T18:48:38+00:00\",\"dateModified\":\"2025-02-10T10:36:02+00:00\",\"breadcrumb\":{\"@id\":\"https:\/\/www.svmuttensweiler.de\/page\/allgemeine-daten\/#breadcrumb\"},\"inLanguage\":\"de\",\"potentialAction\":[{\"@type\":\"ReadAction\",\"target\":[\"https:\/\/www.svmuttensweiler.de\/page\/allgemeine-daten\/\"]}]},{\"@type\":\"BreadcrumbList\",\"@id\":\"https:\/\/www.svmuttensweiler.de\/page\/allgemeine-daten\/#breadcrumb\",\"itemListElement\":[{\"@type\":\"ListItem\",\"position\":1,\"name\":\"Startseite\",\"item\":\"https:\/\/www.svmuttensweiler.de\/page\/\"},{\"@type\":\"ListItem\",\"position\":2,\"name\":\"Allgemeine Daten\"}]},{\"@type\":\"WebSite\",\"@id\":\"https:\/\/www.svmuttensweiler.de\/page\/#website\",\"url\":\"https:\/\/www.svmuttensweiler.de\/page\/\",\"name\":\"SV Ingoldingen - Muttensweiler - Steinhausen e.V.\",\"description\":\"Homepage\",\"publisher\":{\"@id\":\"https:\/\/www.svmuttensweiler.de\/page\/#organization\"},\"alternateName\":\"SV Muttensweiler\",\"potentialAction\":[{\"@type\":\"SearchAction\",\"target\":{\"@type\":\"EntryPoint\",\"urlTemplate\":\"https:\/\/www.svmuttensweiler.de\/page\/?s={search_term_string}\"},\"query-input\":{\"@type\":\"PropertyValueSpecification\",\"valueRequired\":true,\"valueName\":\"search_term_string\"}}],\"inLanguage\":\"de\"},{\"@type\":\"Organization\",\"@id\":\"https:\/\/www.svmuttensweiler.de\/page\/#organization\",\"name\":\"SV Ingoldingen - Muttensweiler - Steinhausen e.V.\",\"url\":\"https:\/\/www.svmuttensweiler.de\/page\/\",\"logo\":{\"@type\":\"ImageObject\",\"inLanguage\":\"de\",\"@id\":\"https:\/\/www.svmuttensweiler.de\/page\/#\/schema\/logo\/image\/\",\"url\":\"https:\/\/www.svmuttensweiler.de\/page\/wp-content\/uploads\/2023\/04\/Logo-gemalt.jpg\",\"contentUrl\":\"https:\/\/www.svmuttensweiler.de\/page\/wp-content\/uploads\/2023\/04\/Logo-gemalt.jpg\",\"width\":382,\"height\":378,\"caption\":\"SV Ingoldingen - Muttensweiler - Steinhausen e.V.\"},\"image\":{\"@id\":\"https:\/\/www.svmuttensweiler.de\/page\/#\/schema\/logo\/image\/\"},\"sameAs\":[\"https:\/\/www.facebook.com\/svmuttensweiler\/?locale=de_DE\"]}]}<\/script>\n<!-- \/ Yoast SEO plugin. -->","yoast_head_json":{"title":"Allgemeine Daten - SV Ingoldingen - Muttensweiler - Steinhausen e.V.","robots":{"index":"index","follow":"follow","max-snippet":"max-snippet:-1","max-image-preview":"max-image-preview:large","max-video-preview":"max-video-preview:-1"},"canonical":"https:\/\/www.svmuttensweiler.de\/page\/allgemeine-daten\/","og_locale":"de_DE","og_type":"article","og_title":"Allgemeine Daten - SV Ingoldingen - Muttensweiler - Steinhausen e.V.","og_description":"Gr\u00fcndungsdatum: 17. Juli 1948, Gr\u00fcndung im Adler Muttensweiler Mitglieder: 730\u00a0 Mitglieder (Stand 01.05.2023) Sportst\u00e4tte: Sportgel\u00e4nde Ingoldingen: Sportplatz, Turnhalle Sportgel\u00e4nde Muttensweiler: Sportplatz, Turnhalle, Tennispl\u00e4tze, Spielplatz, Beachvolleyballplatz Abteilungsgr\u00fcndungen Herbst 1947 Aufnahme des Spielbetriebs Fu\u00dfball in der B-Klasse \u201eRi\u00df\u201c 17.07.1948 Gr\u00fcndungversammlung des Sportvereins im Adler Muttensweiler 1959-1961 Einstellung des Spielbetriebs Herbst 1963 Aufnahme des \u00dcbungsbetriebs Leichtathletik 1964 Gr\u00fcndung [&hellip;]","og_url":"https:\/\/www.svmuttensweiler.de\/page\/allgemeine-daten\/","og_site_name":"SV Ingoldingen - Muttensweiler - Steinhausen e.V.","article_publisher":"https:\/\/www.facebook.com\/svmuttensweiler\/?locale=de_DE","article_modified_time":"2025-02-10T10:36:02+00:00","twitter_card":"summary_large_image","twitter_misc":{"Gesch\u00e4tzte Lesezeit":"1\u00a0Minute"},"schema":{"@context":"https:\/\/schema.org","@graph":[{"@type":"WebPage","@id":"https:\/\/www.svmuttensweiler.de\/page\/allgemeine-daten\/","url":"https:\/\/www.svmuttensweiler.de\/page\/allgemeine-daten\/","name":"Allgemeine Daten - SV Ingoldingen - Muttensweiler - Steinhausen e.V.","isPartOf":{"@id":"https:\/\/www.svmuttensweiler.de\/page\/#website"},"datePublished":"2015-03-07T18:48:38+00:00","dateModified":"2025-02-10T10:36:02+00:00","breadcrumb":{"@id":"https:\/\/www.svmuttensweiler.de\/page\/allgemeine-daten\/#breadcrumb"},"inLanguage":"de","potentialAction":[{"@type":"ReadAction","target":["https:\/\/www.svmuttensweiler.de\/page\/allgemeine-daten\/"]}]},{"@type":"BreadcrumbList","@id":"https:\/\/www.svmuttensweiler.de\/page\/allgemeine-daten\/#breadcrumb","itemListElement":[{"@type":"ListItem","position":1,"name":"Startseite","item":"https:\/\/www.svmuttensweiler.de\/page\/"},{"@type":"ListItem","position":2,"name":"Allgemeine Daten"}]},{"@type":"WebSite","@id":"https:\/\/www.svmuttensweiler.de\/page\/#website","url":"https:\/\/www.svmuttensweiler.de\/page\/","name":"SV Ingoldingen - Muttensweiler - Steinhausen e.V.","description":"Homepage","publisher":{"@id":"https:\/\/www.svmuttensweiler.de\/page\/#organization"},"alternateName":"SV Muttensweiler","potentialAction":[{"@type":"SearchAction","target":{"@type":"EntryPoint","urlTemplate":"https:\/\/www.svmuttensweiler.de\/page\/?s={search_term_string}"},"query-input":{"@type":"PropertyValueSpecification","valueRequired":true,"valueName":"search_term_string"}}],"inLanguage":"de"},{"@type":"Organization","@id":"https:\/\/www.svmuttensweiler.de\/page\/#organization","name":"SV Ingoldingen - Muttensweiler - Steinhausen e.V.","url":"https:\/\/www.svmuttensweiler.de\/page\/","logo":{"@type":"ImageObject","inLanguage":"de","@id":"https:\/\/www.svmuttensweiler.de\/page\/#\/schema\/logo\/image\/","url":"https:\/\/www.svmuttensweiler.de\/page\/wp-content\/uploads\/2023\/04\/Logo-gemalt.jpg","contentUrl":"https:\/\/www.svmuttensweiler.de\/page\/wp-content\/uploads\/2023\/04\/Logo-gemalt.jpg","width":382,"height":378,"caption":"SV Ingoldingen - Muttensweiler - Steinhausen e.V."},"image":{"@id":"https:\/\/www.svmuttensweiler.de\/page\/#\/schema\/logo\/image\/"},"sameAs":["https:\/\/www.facebook.com\/svmuttensweiler\/?locale=de_DE"]}]}},"_links":{"self":[{"href":"https:\/\/www.svmuttensweiler.de\/page\/wp-json\/wp\/v2\/pages\/369","targetHints":{"allow":["GET"]}}],"collection":[{"href":"https:\/\/www.svmuttensweiler.de\/page\/wp-json\/wp\/v2\/pages"}],"about":[{"href":"https:\/\/www.svmuttensweiler.de\/page\/wp-json\/wp\/v2\/types\/page"}],"author":[{"embeddable":true,"href":"https:\/\/www.svmuttensweiler.de\/page\/wp-json\/wp\/v2\/users\/1"}],"replies":[{"embeddable":true,"href":"https:\/\/www.svmuttensweiler.de\/page\/wp-json\/wp\/v2\/comments?post=369"}],"version-history":[{"count":10,"href":"https:\/\/www.svmuttensweiler.de\/page\/wp-json\/wp\/v2\/pages\/369\/revisions"}],"predecessor-version":[{"id":3477,"href":"https:\/\/www.svmuttensweiler.de\/page\/wp-json\/wp\/v2\/pages\/369\/revisions\/3477"}],"wp:attachment":[{"href":"https:\/\/www.svmuttensweiler.de\/page\/wp-json\/wp\/v2\/media?parent=369"}],"curies":[{"name":"wp","href":"https:\/\/api.w.org\/{rel}","templated":true}]}}