{"id":372,"date":"2015-03-07T19:50:43","date_gmt":"2015-03-07T18:50:43","guid":{"rendered":"http:\/\/www.svmuttensweiler.de\/page\/?page_id=372"},"modified":"2025-11-14T08:48:40","modified_gmt":"2025-11-14T07:48:40","slug":"beitragsordnung","status":"publish","type":"page","link":"https:\/\/www.svmuttensweiler.de\/page\/verein\/beitragsordnung\/","title":{"rendered":"Mitgliedschaft\/ Formulare"},"content":{"rendered":"<p><a href=\"http:\/\/www.svmuttensweiler.de\/page\/wp-content\/uploads\/2019\/05\/Festanh\u00e4nger-\u00dcberlassungsvereinbarung.doc\">Festanh\u00e4nger \u00dcberlassungsvereinbarung<\/a><\/p>\n<p><a href=\"http:\/\/www.svmuttensweiler.de\/page\/wp-content\/uploads\/2019\/05\/Festanh\u00e4nger-Abrechnung-Nutzung.doc\">Festanh\u00e4nger Abrechnung Nutzung<\/a><\/p>\n<p><a href=\"http:\/\/www.svmuttensweiler.de\/page\/wp-content\/uploads\/2015\/03\/Uebungsleiter-Stundennachweis.xls\">\u00dcbungsleiter Stundennachweis<\/a><\/p>\n<p><a href=\"http:\/\/www.svmuttensweiler.de\/page\/wp-content\/uploads\/2018\/03\/Uebungsleiter-Stundennachweis-Muster.pdf\" rel=\"noopener\">\u00dcbungsleiter Stundennachweis Muster<\/a><\/p>\n<p><a href=\"http:\/\/www.svmuttensweiler.de\/page\/wp-content\/uploads\/2022\/01\/Reisekostenabrechnung-2021-11-15.xlsx\">Reisekostenabrechnung<\/a><\/p>\n<p><a href=\"http:\/\/www.svmuttensweiler.de\/page\/wp-content\/uploads\/2015\/03\/Werbevertrag-leer.doc\">Werbevertrag leer<\/a><\/p>\n<p><a href=\"https:\/\/www.svmuttensweiler.de\/page\/wp-content\/uploads\/2025\/01\/Mitgliedsaufnahmeantrag-2025.pdf\">Mitgliedsaufnahmeantrag 2025<\/a><\/p>\n<p><a href=\"http:\/\/www.svmuttensweiler.de\/page\/wp-content\/uploads\/2016\/05\/Adressen-\u00c4nderungsmeldung.doc\">Adressen\u00e4nderung<\/a><\/p>\n<p><a href=\"http:\/\/www.svmuttensweiler.de\/page\/wp-content\/uploads\/2016\/05\/Abteilungswechsel.doc\">Abteilungs\u00e4nderung<\/a><\/p>\n<p><a href=\"https:\/\/www.svmuttensweiler.de\/page\/wp-content\/uploads\/2025\/11\/Beitragsaenderung-2025.docx\">Beitrags\u00e4nderung-2025<\/a><\/p>\n<p><a href=\"http:\/\/www.svmuttensweiler.de\/page\/wp-content\/uploads\/2015\/03\/Austritt.doc\">K\u00fcndigung<\/a><\/p>\n<p><a href=\"http:\/\/www.svmuttensweiler.de\/page\/wp-content\/uploads\/2015\/03\/Verzichtserkl\u00e4rung.doc\">Verzichtserkl\u00e4rung \u00dcbungsleiter<\/a><\/p>\n<p>Der j\u00e4hrliche Mitgliedsbeitrag (Stand ab 01. Januar 2025) an den Verein betr\u00e4gt:<\/p>\n<table style=\"height: 520px;\" width=\"725\">\n<tbody>\n<tr>\n<td width=\"52\"><strong>Beitrags<br \/>\nklasse<br \/>\n<\/strong><\/td>\n<td width=\"331\"><strong>Mitgliedsart<\/strong><\/td>\n<td width=\"95\"><strong>Beitragsh\u00f6he<\/strong><\/td>\n<\/tr>\n<tr>\n<td width=\"52\">1<\/td>\n<td width=\"331\">Familienbeitrag <strong>auf Antrag<br \/>\n<\/strong>(beide Erwachsene, einschlie\u00dflich<strong> aller<\/strong> Kinder bis 18 Jahre)<\/td>\n<td width=\"95\"><strong>180,&#8211; \u20ac<\/strong><\/td>\n<\/tr>\n<tr>\n<td width=\"52\">2<\/td>\n<td width=\"331\">Familienbeitrag Angeh\u00f6rige<\/td>\n<td width=\"95\"><strong>0,&#8211; \u20ac<\/strong><\/td>\n<\/tr>\n<tr>\n<td width=\"52\">3<\/td>\n<td width=\"331\">Aktive \u00a0\u00a0\u00a0\u00a0\u00a0\u00a0\u00a0\u00a0\u00a0\u00a0\u00a0\u00a0\u00a0\u00a0\u00a0\u00a0\u00a0\u00a0\u00a0\u00a0\u00a0\u00a0\u00a0\u00a0\u00a0\u00a0\u00a0\u00a0\u00a0\u00a0\u00a0\u00a0\u00a0\u00a0\u00a0 \u00fcber 18 bis 60 Jahre<\/td>\n<td width=\"95\"><strong>90,&#8211; \u20ac<\/strong><\/td>\n<\/tr>\n<tr>\n<td width=\"52\">4<\/td>\n<td width=\"331\">Kinder\u00a0\u00a0\u00a0\u00a0\u00a0\u00a0\u00a0\u00a0\u00a0\u00a0\u00a0\u00a0\u00a0\u00a0\u00a0\u00a0\u00a0\u00a0\u00a0\u00a0\u00a0\u00a0\u00a0\u00a0\u00a0\u00a0\u00a0\u00a0\u00a0\u00a0\u00a0\u00a0\u00a0\u00a0\u00a0\u00a0 unter 14 Jahre<\/td>\n<td width=\"95\"><strong>48,&#8211; \u20ac<\/strong><\/td>\n<\/tr>\n<tr>\n<td width=\"52\">5<\/td>\n<td width=\"331\">Jugendliche\u00a0\u00a0\u00a0\u00a0\u00a0\u00a0\u00a0\u00a0\u00a0\u00a0\u00a0\u00a0\u00a0\u00a0\u00a0\u00a0\u00a0\u00a0\u00a0\u00a0\u00a0\u00a0\u00a0\u00a0\u00a0\u00a0\u00a0\u00a0\u00a0 14 \u2013 17 Jahre<\/td>\n<td width=\"95\"><strong>60,&#8211; \u20ac<\/strong><\/td>\n<\/tr>\n<tr>\n<td width=\"52\">6<\/td>\n<td width=\"331\">Senioren\u00a0\u00a0\u00a0\u00a0\u00a0\u00a0\u00a0\u00a0\u00a0\u00a0\u00a0\u00a0\u00a0\u00a0\u00a0\u00a0\u00a0\u00a0\u00a0\u00a0\u00a0\u00a0\u00a0\u00a0\u00a0\u00a0\u00a0\u00a0\u00a0\u00a0\u00a0\u00a0\u00a0\u00a0\u00fcber 60 Jahre<\/td>\n<td width=\"95\"><strong>60,&#8211; \u20ac<\/strong><\/td>\n<\/tr>\n<tr>\n<td width=\"52\">7<\/td>\n<td width=\"331\">In Ausbildung befindliche Personen (Sch\u00fcler, Studenten, Auszubildende) \u00fcber 18 Jahre bis 27 Jahre sowie Wehrpflichtige und Ersatzdienstleistende <strong>auf Antrag<\/strong><\/td>\n<td width=\"95\"><strong>60,&#8211; \u20ac<\/strong><\/td>\n<\/tr>\n<tr>\n<td width=\"52\">8<\/td>\n<td width=\"331\">Passive Mitglieder<\/td>\n<td width=\"95\"><strong>20,&#8211; \u20ac<\/strong><\/td>\n<\/tr>\n<tr>\n<td width=\"52\">9<\/td>\n<td width=\"331\">Vorstandsmitglieder, \u00dcbungsleiter, Jugendbetreuer, Schiedsrichter und Ehrenmitglieder<\/td>\n<td width=\"95\"><strong>0,&#8211; \u20ac<\/strong><\/td>\n<\/tr>\n<\/tbody>\n<\/table>\n<p>Weitere Erm\u00e4\u00dfigungen sind nach \u00a7 8 der Satzung vom Vereinsvorstand zu regeln.<\/p>\n<p>Bitte beachten:<\/p>\n<p>&#8211; Antr\u00e4ge auf \u00c4nderungen der Beitragsh\u00f6he sind dem Abteilungsleiter vorzulegen.<br \/>\nAnschriften und Konto\u00e4nderungen sind sofort mitzuteilen<\/p>\n<p>&#8211; Bei Vereinseintritt bis zum 30. Juni ist der volle Mitgliedergrundbeitrag, ab 01. Juli der<br \/>\nhalbe Mitgliedergrundbeitrag zu entrichten.<\/p>\n<p>&#8211; Der Vereinsaustritt ist nur zum 31. Dezember eines Kalenderjahres\u00a0 m\u00f6glich und muss schriftlich erkl\u00e4rt werden.<\/p>\n<p><strong>&#8211; K\u00fcndigung bitte an verwaltung@svmuttensweiler.de senden<\/strong><\/p>\n","protected":false},"excerpt":{"rendered":"<p>Festanh\u00e4nger \u00dcberlassungsvereinbarung Festanh\u00e4nger Abrechnung Nutzung \u00dcbungsleiter Stundennachweis \u00dcbungsleiter Stundennachweis Muster Reisekostenabrechnung Werbevertrag leer Mitgliedsaufnahmeantrag 2025 Adressen\u00e4nderung Abteilungs\u00e4nderung Beitrags\u00e4nderung-2025 K\u00fcndigung Verzichtserkl\u00e4rung \u00dcbungsleiter Der j\u00e4hrliche Mitgliedsbeitrag (Stand ab 01. Januar 2025) an den Verein betr\u00e4gt: Beitrags klasse Mitgliedsart Beitragsh\u00f6he 1 Familienbeitrag auf Antrag (beide Erwachsene, einschlie\u00dflich aller Kinder bis 18 Jahre) 180,&#8211; \u20ac 2 Familienbeitrag Angeh\u00f6rige 0,&#8211; [&hellip;]<\/p>\n","protected":false},"author":1,"featured_media":0,"parent":367,"menu_order":0,"comment_status":"closed","ping_status":"closed","template":"","meta":{"footnotes":""},"class_list":["post-372","page","type-page","status-publish","hentry"],"yoast_head":"<!-- This site is optimized with the Yoast SEO plugin v26.2 - https:\/\/yoast.com\/wordpress\/plugins\/seo\/ -->\n<title>Mitgliedschaft\/ Formulare - SV Ingoldingen - Muttensweiler - Steinhausen e.V.<\/title>\n<meta name=\"robots\" content=\"index, follow, max-snippet:-1, max-image-preview:large, max-video-preview:-1\" \/>\n<link rel=\"canonical\" href=\"https:\/\/www.svmuttensweiler.de\/page\/verein\/beitragsordnung\/\" \/>\n<meta property=\"og:locale\" content=\"de_DE\" \/>\n<meta property=\"og:type\" content=\"article\" \/>\n<meta property=\"og:title\" content=\"Mitgliedschaft\/ Formulare - SV Ingoldingen - Muttensweiler - Steinhausen e.V.\" \/>\n<meta property=\"og:description\" content=\"Festanh\u00e4nger \u00dcberlassungsvereinbarung Festanh\u00e4nger Abrechnung Nutzung \u00dcbungsleiter Stundennachweis \u00dcbungsleiter Stundennachweis Muster Reisekostenabrechnung Werbevertrag leer Mitgliedsaufnahmeantrag 2025 Adressen\u00e4nderung Abteilungs\u00e4nderung Beitrags\u00e4nderung-2025 K\u00fcndigung Verzichtserkl\u00e4rung \u00dcbungsleiter Der j\u00e4hrliche Mitgliedsbeitrag (Stand ab 01. Januar 2025) an den Verein betr\u00e4gt: Beitrags klasse Mitgliedsart Beitragsh\u00f6he 1 Familienbeitrag auf Antrag (beide Erwachsene, einschlie\u00dflich aller Kinder bis 18 Jahre) 180,&#8211; \u20ac 2 Familienbeitrag Angeh\u00f6rige 0,&#8211; [&hellip;]\" \/>\n<meta property=\"og:url\" content=\"https:\/\/www.svmuttensweiler.de\/page\/verein\/beitragsordnung\/\" \/>\n<meta property=\"og:site_name\" content=\"SV Ingoldingen - Muttensweiler - Steinhausen e.V.\" \/>\n<meta property=\"article:publisher\" content=\"https:\/\/www.facebook.com\/svmuttensweiler\/?locale=de_DE\" \/>\n<meta property=\"article:modified_time\" content=\"2025-11-14T07:48:40+00:00\" \/>\n<meta name=\"twitter:card\" content=\"summary_large_image\" \/>\n<meta name=\"twitter:label1\" content=\"Gesch\u00e4tzte Lesezeit\" \/>\n\t<meta name=\"twitter:data1\" content=\"2\u00a0Minuten\" \/>\n<script type=\"application\/ld+json\" class=\"yoast-schema-graph\">{\"@context\":\"https:\/\/schema.org\",\"@graph\":[{\"@type\":\"WebPage\",\"@id\":\"https:\/\/www.svmuttensweiler.de\/page\/verein\/beitragsordnung\/\",\"url\":\"https:\/\/www.svmuttensweiler.de\/page\/verein\/beitragsordnung\/\",\"name\":\"Mitgliedschaft\/ Formulare - SV Ingoldingen - Muttensweiler - Steinhausen e.V.\",\"isPartOf\":{\"@id\":\"https:\/\/www.svmuttensweiler.de\/page\/#website\"},\"datePublished\":\"2015-03-07T18:50:43+00:00\",\"dateModified\":\"2025-11-14T07:48:40+00:00\",\"breadcrumb\":{\"@id\":\"https:\/\/www.svmuttensweiler.de\/page\/verein\/beitragsordnung\/#breadcrumb\"},\"inLanguage\":\"de\",\"potentialAction\":[{\"@type\":\"ReadAction\",\"target\":[\"https:\/\/www.svmuttensweiler.de\/page\/verein\/beitragsordnung\/\"]}]},{\"@type\":\"BreadcrumbList\",\"@id\":\"https:\/\/www.svmuttensweiler.de\/page\/verein\/beitragsordnung\/#breadcrumb\",\"itemListElement\":[{\"@type\":\"ListItem\",\"position\":1,\"name\":\"Startseite\",\"item\":\"https:\/\/www.svmuttensweiler.de\/page\/\"},{\"@type\":\"ListItem\",\"position\":2,\"name\":\"Verein\",\"item\":\"https:\/\/www.svmuttensweiler.de\/page\/verein\/\"},{\"@type\":\"ListItem\",\"position\":3,\"name\":\"Mitgliedschaft\/ Formulare\"}]},{\"@type\":\"WebSite\",\"@id\":\"https:\/\/www.svmuttensweiler.de\/page\/#website\",\"url\":\"https:\/\/www.svmuttensweiler.de\/page\/\",\"name\":\"SV Ingoldingen - Muttensweiler - Steinhausen e.V.\",\"description\":\"Homepage\",\"publisher\":{\"@id\":\"https:\/\/www.svmuttensweiler.de\/page\/#organization\"},\"alternateName\":\"SV Muttensweiler\",\"potentialAction\":[{\"@type\":\"SearchAction\",\"target\":{\"@type\":\"EntryPoint\",\"urlTemplate\":\"https:\/\/www.svmuttensweiler.de\/page\/?s={search_term_string}\"},\"query-input\":{\"@type\":\"PropertyValueSpecification\",\"valueRequired\":true,\"valueName\":\"search_term_string\"}}],\"inLanguage\":\"de\"},{\"@type\":\"Organization\",\"@id\":\"https:\/\/www.svmuttensweiler.de\/page\/#organization\",\"name\":\"SV Ingoldingen - Muttensweiler - Steinhausen e.V.\",\"url\":\"https:\/\/www.svmuttensweiler.de\/page\/\",\"logo\":{\"@type\":\"ImageObject\",\"inLanguage\":\"de\",\"@id\":\"https:\/\/www.svmuttensweiler.de\/page\/#\/schema\/logo\/image\/\",\"url\":\"https:\/\/www.svmuttensweiler.de\/page\/wp-content\/uploads\/2023\/04\/Logo-gemalt.jpg\",\"contentUrl\":\"https:\/\/www.svmuttensweiler.de\/page\/wp-content\/uploads\/2023\/04\/Logo-gemalt.jpg\",\"width\":382,\"height\":378,\"caption\":\"SV Ingoldingen - Muttensweiler - Steinhausen e.V.\"},\"image\":{\"@id\":\"https:\/\/www.svmuttensweiler.de\/page\/#\/schema\/logo\/image\/\"},\"sameAs\":[\"https:\/\/www.facebook.com\/svmuttensweiler\/?locale=de_DE\"]}]}<\/script>\n<!-- \/ Yoast SEO plugin. -->","yoast_head_json":{"title":"Mitgliedschaft\/ Formulare - SV Ingoldingen - Muttensweiler - Steinhausen e.V.","robots":{"index":"index","follow":"follow","max-snippet":"max-snippet:-1","max-image-preview":"max-image-preview:large","max-video-preview":"max-video-preview:-1"},"canonical":"https:\/\/www.svmuttensweiler.de\/page\/verein\/beitragsordnung\/","og_locale":"de_DE","og_type":"article","og_title":"Mitgliedschaft\/ Formulare - SV Ingoldingen - Muttensweiler - Steinhausen e.V.","og_description":"Festanh\u00e4nger \u00dcberlassungsvereinbarung Festanh\u00e4nger Abrechnung Nutzung \u00dcbungsleiter Stundennachweis \u00dcbungsleiter Stundennachweis Muster Reisekostenabrechnung Werbevertrag leer Mitgliedsaufnahmeantrag 2025 Adressen\u00e4nderung Abteilungs\u00e4nderung Beitrags\u00e4nderung-2025 K\u00fcndigung Verzichtserkl\u00e4rung \u00dcbungsleiter Der j\u00e4hrliche Mitgliedsbeitrag (Stand ab 01. Januar 2025) an den Verein betr\u00e4gt: Beitrags klasse Mitgliedsart Beitragsh\u00f6he 1 Familienbeitrag auf Antrag (beide Erwachsene, einschlie\u00dflich aller Kinder bis 18 Jahre) 180,&#8211; \u20ac 2 Familienbeitrag Angeh\u00f6rige 0,&#8211; [&hellip;]","og_url":"https:\/\/www.svmuttensweiler.de\/page\/verein\/beitragsordnung\/","og_site_name":"SV Ingoldingen - Muttensweiler - Steinhausen e.V.","article_publisher":"https:\/\/www.facebook.com\/svmuttensweiler\/?locale=de_DE","article_modified_time":"2025-11-14T07:48:40+00:00","twitter_card":"summary_large_image","twitter_misc":{"Gesch\u00e4tzte Lesezeit":"2\u00a0Minuten"},"schema":{"@context":"https:\/\/schema.org","@graph":[{"@type":"WebPage","@id":"https:\/\/www.svmuttensweiler.de\/page\/verein\/beitragsordnung\/","url":"https:\/\/www.svmuttensweiler.de\/page\/verein\/beitragsordnung\/","name":"Mitgliedschaft\/ Formulare - SV Ingoldingen - Muttensweiler - Steinhausen e.V.","isPartOf":{"@id":"https:\/\/www.svmuttensweiler.de\/page\/#website"},"datePublished":"2015-03-07T18:50:43+00:00","dateModified":"2025-11-14T07:48:40+00:00","breadcrumb":{"@id":"https:\/\/www.svmuttensweiler.de\/page\/verein\/beitragsordnung\/#breadcrumb"},"inLanguage":"de","potentialAction":[{"@type":"ReadAction","target":["https:\/\/www.svmuttensweiler.de\/page\/verein\/beitragsordnung\/"]}]},{"@type":"BreadcrumbList","@id":"https:\/\/www.svmuttensweiler.de\/page\/verein\/beitragsordnung\/#breadcrumb","itemListElement":[{"@type":"ListItem","position":1,"name":"Startseite","item":"https:\/\/www.svmuttensweiler.de\/page\/"},{"@type":"ListItem","position":2,"name":"Verein","item":"https:\/\/www.svmuttensweiler.de\/page\/verein\/"},{"@type":"ListItem","position":3,"name":"Mitgliedschaft\/ Formulare"}]},{"@type":"WebSite","@id":"https:\/\/www.svmuttensweiler.de\/page\/#website","url":"https:\/\/www.svmuttensweiler.de\/page\/","name":"SV Ingoldingen - Muttensweiler - Steinhausen e.V.","description":"Homepage","publisher":{"@id":"https:\/\/www.svmuttensweiler.de\/page\/#organization"},"alternateName":"SV Muttensweiler","potentialAction":[{"@type":"SearchAction","target":{"@type":"EntryPoint","urlTemplate":"https:\/\/www.svmuttensweiler.de\/page\/?s={search_term_string}"},"query-input":{"@type":"PropertyValueSpecification","valueRequired":true,"valueName":"search_term_string"}}],"inLanguage":"de"},{"@type":"Organization","@id":"https:\/\/www.svmuttensweiler.de\/page\/#organization","name":"SV Ingoldingen - Muttensweiler - Steinhausen e.V.","url":"https:\/\/www.svmuttensweiler.de\/page\/","logo":{"@type":"ImageObject","inLanguage":"de","@id":"https:\/\/www.svmuttensweiler.de\/page\/#\/schema\/logo\/image\/","url":"https:\/\/www.svmuttensweiler.de\/page\/wp-content\/uploads\/2023\/04\/Logo-gemalt.jpg","contentUrl":"https:\/\/www.svmuttensweiler.de\/page\/wp-content\/uploads\/2023\/04\/Logo-gemalt.jpg","width":382,"height":378,"caption":"SV Ingoldingen - Muttensweiler - Steinhausen e.V."},"image":{"@id":"https:\/\/www.svmuttensweiler.de\/page\/#\/schema\/logo\/image\/"},"sameAs":["https:\/\/www.facebook.com\/svmuttensweiler\/?locale=de_DE"]}]}},"_links":{"self":[{"href":"https:\/\/www.svmuttensweiler.de\/page\/wp-json\/wp\/v2\/pages\/372","targetHints":{"allow":["GET"]}}],"collection":[{"href":"https:\/\/www.svmuttensweiler.de\/page\/wp-json\/wp\/v2\/pages"}],"about":[{"href":"https:\/\/www.svmuttensweiler.de\/page\/wp-json\/wp\/v2\/types\/page"}],"author":[{"embeddable":true,"href":"https:\/\/www.svmuttensweiler.de\/page\/wp-json\/wp\/v2\/users\/1"}],"replies":[{"embeddable":true,"href":"https:\/\/www.svmuttensweiler.de\/page\/wp-json\/wp\/v2\/comments?post=372"}],"version-history":[{"count":41,"href":"https:\/\/www.svmuttensweiler.de\/page\/wp-json\/wp\/v2\/pages\/372\/revisions"}],"predecessor-version":[{"id":3669,"href":"https:\/\/www.svmuttensweiler.de\/page\/wp-json\/wp\/v2\/pages\/372\/revisions\/3669"}],"up":[{"embeddable":true,"href":"https:\/\/www.svmuttensweiler.de\/page\/wp-json\/wp\/v2\/pages\/367"}],"wp:attachment":[{"href":"https:\/\/www.svmuttensweiler.de\/page\/wp-json\/wp\/v2\/media?parent=372"}],"curies":[{"name":"wp","href":"https:\/\/api.w.org\/{rel}","templated":true}]}}