{"id":599,"date":"2015-04-24T18:51:28","date_gmt":"2015-04-24T16:51:28","guid":{"rendered":"http:\/\/www.svmuttensweiler.de\/page\/?page_id=599"},"modified":"2025-08-11T14:07:36","modified_gmt":"2025-08-11T12:07:36","slug":"trainer","status":"publish","type":"page","link":"https:\/\/www.svmuttensweiler.de\/page\/fussball\/chronik\/trainer\/","title":{"rendered":"Trainer"},"content":{"rendered":"\n<div class=\"wp-block-columns is-layout-flex wp-container-core-columns-is-layout-9d6595d7 wp-block-columns-is-layout-flex\">\n<div class=\"wp-block-column is-layout-flow wp-block-column-is-layout-flow\" style=\"flex-basis:100%\">\n<div class=\"wp-block-columns is-layout-flex wp-container-core-columns-is-layout-9d6595d7 wp-block-columns-is-layout-flex\">\n<div class=\"wp-block-column is-layout-flow wp-block-column-is-layout-flow\" style=\"flex-basis:100%\">\n<figure class=\"wp-block-table is-style-stripes\"><table><tbody><tr><td><span style=\"color: #000000; font-family: Verdana;\">1947<\/span><\/td><td><span style=\"color: #000000; font-family: Verdana;\">Spielbeginn ohne Trainernennung<\/span><\/td><\/tr><tr><td><span style=\"color: #000000; font-family: Verdana;\">17.07.1948<\/span><\/td><td><span style=\"color: #000000; font-family: Verdana;\">Gr\u00fcndungsvers. Spartenleiter Paul Sauter<\/span><\/td><\/tr><tr><td><span style=\"color: #000000; font-family: Verdana;\">1959<\/span><\/td><td><span style=\"color: #000000; font-family: Verdana;\">Einstellung des Spielbetriebs<\/span><\/td><\/tr><tr><td><span style=\"color: #000000; font-family: Verdana;\">1961<\/span><\/td><td><span style=\"color: #000000; font-family: Verdana;\">Wiederaufnahme des Spielbetriebs<\/span><\/td><\/tr><tr><td><span style=\"color: #000000; font-family: Verdana;\">1961 &#8211; 1963<\/span><\/td><td><span style=\"color: #000000; font-family: Verdana;\">Hans M\u00fcller (Spielausschussvorsitzender)<\/span><\/td><\/tr><tr><td><span style=\"color: #000000; font-family: Verdana;\">1963 &#8211; 1969<\/span><\/td><td><span style=\"color: #000000; font-family: Verdana;\">Bruno Fritzenschaft (Spielf\u00fchrer + Spielausschussvorsitzender)<\/span><\/td><\/tr><tr><td><span style=\"color: #000000; font-family: Verdana;\">1969 &#8211; 1970<\/span><\/td><td><span style=\"color: #000000; font-family: Verdana;\">Hans M\u00fcller<\/span><\/td><\/tr><tr><td><span style=\"color: #000000; font-family: Verdana;\">1970 &#8211; 1972<\/span><\/td><td><span style=\"color: #000000; font-family: Verdana;\">Horst Schuler<\/span><\/td><\/tr><tr><td><span style=\"color: #000000; font-family: Verdana;\">1972 &#8211; ?<\/span><\/td><td><span style=\"color: #000000; font-family: Verdana;\">Rudolf Barton<\/span><\/td><\/tr><tr><td><span style=\"color: #000000; font-family: Verdana;\">01.06.75 &#8211; ?<\/span><\/td><td><span style=\"color: #000000; font-family: Verdana;\">Peter Schwantes<\/span><\/td><\/tr><tr><td><span style=\"color: #000000; font-family: Verdana;\">? &#8211; 1978<\/span><\/td><td><span style=\"color: #000000; font-family: Verdana;\">Anton Stro\u00df<\/span><\/td><\/tr><tr><td><span style=\"color: #000000; font-family: Verdana;\">1978 -1979<\/span><\/td><td><span style=\"color: #000000; font-family: Verdana;\">Bruno Schmid<\/span><\/td><\/tr><tr><td><span style=\"color: #000000; font-family: Verdana;\">1979 &#8211; 30.04.80<\/span><\/td><td><span style=\"color: #000000; font-family: Verdana;\">Benz<\/span><\/td><\/tr><tr><td><span style=\"color: #000000; font-family: Verdana;\">01.05.80 &#8211; 1981<\/span><\/td><td><span style=\"color: #000000; font-family: Verdana;\">Hans M\u00fcller<\/span><\/td><\/tr><tr><td><span style=\"color: #000000; font-family: Verdana;\">1981 &#8211; 30.06.83<\/span><\/td><td><span style=\"color: #000000; font-family: Verdana;\">Klaus Frost<\/span><\/td><\/tr><tr><td><span style=\"color: #000000; font-family: Verdana;\">1983 &#8211; 30.06.85<\/span><\/td><td><span style=\"color: #000000; font-family: Verdana;\">G\u00fcnter Porath<\/span><\/td><\/tr><tr><td><span style=\"color: #000000; font-family: Verdana;\">1985 &#8211; 1987<\/span><\/td><td><span style=\"color: #000000; font-family: Verdana;\">Roland Schindler<\/span><\/td><\/tr><tr><td><span style=\"color: #000000; font-family: Verdana;\">01.07.87 &#8211; 30.06.92<\/span><\/td><td><span style=\"color: #000000; font-family: Verdana;\">Gerhard Kloos<\/span><\/td><\/tr><tr><td><span style=\"color: #000000; font-family: Verdana;\">01.08.92 &#8211; 30.06.94<\/span><\/td><td><span style=\"color: #000000; font-family: Verdana;\">Daniel Kohler<\/span><\/td><\/tr><tr><td><span style=\"color: #000000; font-family: Verdana;\">01.08.94 &#8211; 30.06.98<\/span><\/td><td><span style=\"color: #000000; font-family: Verdana;\">Werner Zoll<\/span><\/td><\/tr><tr><td><span style=\"color: #000000; font-family: Verdana;\">01.07.98 &#8211; 30.06.00<\/span><\/td><td><span style=\"color: #000000; font-family: Verdana;\">Bernd Wahl<\/span><\/td><\/tr><tr><td><span style=\"color: #000000; font-family: Verdana;\">01.07.00 &#8211; 30.06.02<\/span><\/td><td><span style=\"color: #000000; font-family: Verdana;\">Guido Steinhauser<\/span><\/td><\/tr><tr><td><span style=\"color: #000000; font-family: Verdana;\">01.07.02 &#8211; 30.06.07<\/span><\/td><td><span style=\"color: #000000; font-family: Verdana;\">Gerhard Kloos<\/span><\/td><\/tr><tr><td><span style=\"color: #000000; font-family: Verdana;\">01.07.07 &#8211; 19.10.10<\/span><\/td><td><span style=\"color: #000000; font-family: Verdana;\">Dzevad Suljkanovic<\/span><\/td><\/tr><tr><td><span style=\"color: #000000; font-family: Verdana;\">20.10.10 &#8211; 30.06.11<\/span><\/td><td><span style=\"color: #000000; font-family: Verdana;\">Rolf Sauter<\/span><\/td><\/tr><tr><td><span style=\"color: #000000; font-family: Verdana;\">01.07.11 &#8211; 30.06.13<\/span><\/td><td><span style=\"color: #000000; font-family: Verdana;\">Frank L\u00e4mmle<\/span><\/td><\/tr><tr><td><span style=\"color: #000000; font-family: Verdana;\">01.07.13 &#8211; 30.06.17<\/span><\/td><td><span style=\"color: #000000; font-family: Verdana;\"><span style=\"color: #000000; font-family: Verdana;\">Hans Sulz<\/span><\/span><\/td><\/tr><tr><td>01.07.17 &#8211; 31.12.2019 <\/td><td>Andreas Mayer und Oliver Schwarz<\/td><\/tr><tr><td>01.01.20 &#8211; 30.06.2024 <\/td><td>Oliver Schwarz und Helmut Bader<\/td><\/tr><tr><td>01.07.24 &#8211; heute<\/td><td>Oliver Schwarz und Philip Ru\u00df<\/td><\/tr><\/tbody><\/table><\/figure>\n<\/div>\n<\/div>\n<\/div>\n<\/div>\n\n\n\n<p><\/p>\n","protected":false},"excerpt":{"rendered":"<p>1947 Spielbeginn ohne Trainernennung 17.07.1948 Gr\u00fcndungsvers. Spartenleiter Paul Sauter 1959 Einstellung des Spielbetriebs 1961 Wiederaufnahme des Spielbetriebs 1961 &#8211; 1963 Hans M\u00fcller (Spielausschussvorsitzender) 1963 &#8211; 1969 Bruno Fritzenschaft (Spielf\u00fchrer + Spielausschussvorsitzender) 1969 &#8211; 1970 Hans M\u00fcller 1970 &#8211; 1972 Horst Schuler 1972 &#8211; ? Rudolf Barton 01.06.75 &#8211; ? Peter Schwantes ? &#8211; 1978 Anton [&hellip;]<\/p>\n","protected":false},"author":1,"featured_media":0,"parent":41,"menu_order":0,"comment_status":"closed","ping_status":"open","template":"","meta":{"footnotes":""},"class_list":["post-599","page","type-page","status-publish","hentry"],"yoast_head":"<!-- This site is optimized with the Yoast SEO plugin v26.2 - https:\/\/yoast.com\/wordpress\/plugins\/seo\/ -->\n<title>Trainer - SV Ingoldingen - Muttensweiler - Steinhausen e.V.<\/title>\n<meta name=\"robots\" content=\"index, follow, max-snippet:-1, max-image-preview:large, max-video-preview:-1\" \/>\n<link rel=\"canonical\" href=\"https:\/\/www.svmuttensweiler.de\/page\/fussball\/chronik\/trainer\/\" \/>\n<meta property=\"og:locale\" content=\"de_DE\" \/>\n<meta property=\"og:type\" content=\"article\" \/>\n<meta property=\"og:title\" content=\"Trainer - SV Ingoldingen - Muttensweiler - Steinhausen e.V.\" \/>\n<meta property=\"og:description\" content=\"1947 Spielbeginn ohne Trainernennung 17.07.1948 Gr\u00fcndungsvers. Spartenleiter Paul Sauter 1959 Einstellung des Spielbetriebs 1961 Wiederaufnahme des Spielbetriebs 1961 &#8211; 1963 Hans M\u00fcller (Spielausschussvorsitzender) 1963 &#8211; 1969 Bruno Fritzenschaft (Spielf\u00fchrer + Spielausschussvorsitzender) 1969 &#8211; 1970 Hans M\u00fcller 1970 &#8211; 1972 Horst Schuler 1972 &#8211; ? Rudolf Barton 01.06.75 &#8211; ? Peter Schwantes ? &#8211; 1978 Anton [&hellip;]\" \/>\n<meta property=\"og:url\" content=\"https:\/\/www.svmuttensweiler.de\/page\/fussball\/chronik\/trainer\/\" \/>\n<meta property=\"og:site_name\" content=\"SV Ingoldingen - Muttensweiler - Steinhausen e.V.\" \/>\n<meta property=\"article:publisher\" content=\"https:\/\/www.facebook.com\/svmuttensweiler\/?locale=de_DE\" \/>\n<meta property=\"article:modified_time\" content=\"2025-08-11T12:07:36+00:00\" \/>\n<meta name=\"twitter:card\" content=\"summary_large_image\" \/>\n<meta name=\"twitter:label1\" content=\"Gesch\u00e4tzte Lesezeit\" \/>\n\t<meta name=\"twitter:data1\" content=\"1\u00a0Minute\" \/>\n<script type=\"application\/ld+json\" class=\"yoast-schema-graph\">{\"@context\":\"https:\/\/schema.org\",\"@graph\":[{\"@type\":\"WebPage\",\"@id\":\"https:\/\/www.svmuttensweiler.de\/page\/fussball\/chronik\/trainer\/\",\"url\":\"https:\/\/www.svmuttensweiler.de\/page\/fussball\/chronik\/trainer\/\",\"name\":\"Trainer - SV Ingoldingen - Muttensweiler - Steinhausen e.V.\",\"isPartOf\":{\"@id\":\"https:\/\/www.svmuttensweiler.de\/page\/#website\"},\"datePublished\":\"2015-04-24T16:51:28+00:00\",\"dateModified\":\"2025-08-11T12:07:36+00:00\",\"breadcrumb\":{\"@id\":\"https:\/\/www.svmuttensweiler.de\/page\/fussball\/chronik\/trainer\/#breadcrumb\"},\"inLanguage\":\"de\",\"potentialAction\":[{\"@type\":\"ReadAction\",\"target\":[\"https:\/\/www.svmuttensweiler.de\/page\/fussball\/chronik\/trainer\/\"]}]},{\"@type\":\"BreadcrumbList\",\"@id\":\"https:\/\/www.svmuttensweiler.de\/page\/fussball\/chronik\/trainer\/#breadcrumb\",\"itemListElement\":[{\"@type\":\"ListItem\",\"position\":1,\"name\":\"Startseite\",\"item\":\"https:\/\/www.svmuttensweiler.de\/page\/\"},{\"@type\":\"ListItem\",\"position\":2,\"name\":\"Fussball\",\"item\":\"https:\/\/www.svmuttensweiler.de\/page\/fussball\/\"},{\"@type\":\"ListItem\",\"position\":3,\"name\":\"Fu\u00dfball Chronik\",\"item\":\"https:\/\/www.svmuttensweiler.de\/page\/fussball\/chronik\/\"},{\"@type\":\"ListItem\",\"position\":4,\"name\":\"Trainer\"}]},{\"@type\":\"WebSite\",\"@id\":\"https:\/\/www.svmuttensweiler.de\/page\/#website\",\"url\":\"https:\/\/www.svmuttensweiler.de\/page\/\",\"name\":\"SV Ingoldingen - Muttensweiler - Steinhausen e.V.\",\"description\":\"Homepage\",\"publisher\":{\"@id\":\"https:\/\/www.svmuttensweiler.de\/page\/#organization\"},\"alternateName\":\"SV Muttensweiler\",\"potentialAction\":[{\"@type\":\"SearchAction\",\"target\":{\"@type\":\"EntryPoint\",\"urlTemplate\":\"https:\/\/www.svmuttensweiler.de\/page\/?s={search_term_string}\"},\"query-input\":{\"@type\":\"PropertyValueSpecification\",\"valueRequired\":true,\"valueName\":\"search_term_string\"}}],\"inLanguage\":\"de\"},{\"@type\":\"Organization\",\"@id\":\"https:\/\/www.svmuttensweiler.de\/page\/#organization\",\"name\":\"SV Ingoldingen - Muttensweiler - Steinhausen e.V.\",\"url\":\"https:\/\/www.svmuttensweiler.de\/page\/\",\"logo\":{\"@type\":\"ImageObject\",\"inLanguage\":\"de\",\"@id\":\"https:\/\/www.svmuttensweiler.de\/page\/#\/schema\/logo\/image\/\",\"url\":\"https:\/\/www.svmuttensweiler.de\/page\/wp-content\/uploads\/2023\/04\/Logo-gemalt.jpg\",\"contentUrl\":\"https:\/\/www.svmuttensweiler.de\/page\/wp-content\/uploads\/2023\/04\/Logo-gemalt.jpg\",\"width\":382,\"height\":378,\"caption\":\"SV Ingoldingen - Muttensweiler - Steinhausen e.V.\"},\"image\":{\"@id\":\"https:\/\/www.svmuttensweiler.de\/page\/#\/schema\/logo\/image\/\"},\"sameAs\":[\"https:\/\/www.facebook.com\/svmuttensweiler\/?locale=de_DE\"]}]}<\/script>\n<!-- \/ Yoast SEO plugin. -->","yoast_head_json":{"title":"Trainer - SV Ingoldingen - Muttensweiler - Steinhausen e.V.","robots":{"index":"index","follow":"follow","max-snippet":"max-snippet:-1","max-image-preview":"max-image-preview:large","max-video-preview":"max-video-preview:-1"},"canonical":"https:\/\/www.svmuttensweiler.de\/page\/fussball\/chronik\/trainer\/","og_locale":"de_DE","og_type":"article","og_title":"Trainer - SV Ingoldingen - Muttensweiler - Steinhausen e.V.","og_description":"1947 Spielbeginn ohne Trainernennung 17.07.1948 Gr\u00fcndungsvers. Spartenleiter Paul Sauter 1959 Einstellung des Spielbetriebs 1961 Wiederaufnahme des Spielbetriebs 1961 &#8211; 1963 Hans M\u00fcller (Spielausschussvorsitzender) 1963 &#8211; 1969 Bruno Fritzenschaft (Spielf\u00fchrer + Spielausschussvorsitzender) 1969 &#8211; 1970 Hans M\u00fcller 1970 &#8211; 1972 Horst Schuler 1972 &#8211; ? Rudolf Barton 01.06.75 &#8211; ? Peter Schwantes ? &#8211; 1978 Anton [&hellip;]","og_url":"https:\/\/www.svmuttensweiler.de\/page\/fussball\/chronik\/trainer\/","og_site_name":"SV Ingoldingen - Muttensweiler - Steinhausen e.V.","article_publisher":"https:\/\/www.facebook.com\/svmuttensweiler\/?locale=de_DE","article_modified_time":"2025-08-11T12:07:36+00:00","twitter_card":"summary_large_image","twitter_misc":{"Gesch\u00e4tzte Lesezeit":"1\u00a0Minute"},"schema":{"@context":"https:\/\/schema.org","@graph":[{"@type":"WebPage","@id":"https:\/\/www.svmuttensweiler.de\/page\/fussball\/chronik\/trainer\/","url":"https:\/\/www.svmuttensweiler.de\/page\/fussball\/chronik\/trainer\/","name":"Trainer - SV Ingoldingen - Muttensweiler - Steinhausen e.V.","isPartOf":{"@id":"https:\/\/www.svmuttensweiler.de\/page\/#website"},"datePublished":"2015-04-24T16:51:28+00:00","dateModified":"2025-08-11T12:07:36+00:00","breadcrumb":{"@id":"https:\/\/www.svmuttensweiler.de\/page\/fussball\/chronik\/trainer\/#breadcrumb"},"inLanguage":"de","potentialAction":[{"@type":"ReadAction","target":["https:\/\/www.svmuttensweiler.de\/page\/fussball\/chronik\/trainer\/"]}]},{"@type":"BreadcrumbList","@id":"https:\/\/www.svmuttensweiler.de\/page\/fussball\/chronik\/trainer\/#breadcrumb","itemListElement":[{"@type":"ListItem","position":1,"name":"Startseite","item":"https:\/\/www.svmuttensweiler.de\/page\/"},{"@type":"ListItem","position":2,"name":"Fussball","item":"https:\/\/www.svmuttensweiler.de\/page\/fussball\/"},{"@type":"ListItem","position":3,"name":"Fu\u00dfball Chronik","item":"https:\/\/www.svmuttensweiler.de\/page\/fussball\/chronik\/"},{"@type":"ListItem","position":4,"name":"Trainer"}]},{"@type":"WebSite","@id":"https:\/\/www.svmuttensweiler.de\/page\/#website","url":"https:\/\/www.svmuttensweiler.de\/page\/","name":"SV Ingoldingen - Muttensweiler - Steinhausen e.V.","description":"Homepage","publisher":{"@id":"https:\/\/www.svmuttensweiler.de\/page\/#organization"},"alternateName":"SV Muttensweiler","potentialAction":[{"@type":"SearchAction","target":{"@type":"EntryPoint","urlTemplate":"https:\/\/www.svmuttensweiler.de\/page\/?s={search_term_string}"},"query-input":{"@type":"PropertyValueSpecification","valueRequired":true,"valueName":"search_term_string"}}],"inLanguage":"de"},{"@type":"Organization","@id":"https:\/\/www.svmuttensweiler.de\/page\/#organization","name":"SV Ingoldingen - Muttensweiler - Steinhausen e.V.","url":"https:\/\/www.svmuttensweiler.de\/page\/","logo":{"@type":"ImageObject","inLanguage":"de","@id":"https:\/\/www.svmuttensweiler.de\/page\/#\/schema\/logo\/image\/","url":"https:\/\/www.svmuttensweiler.de\/page\/wp-content\/uploads\/2023\/04\/Logo-gemalt.jpg","contentUrl":"https:\/\/www.svmuttensweiler.de\/page\/wp-content\/uploads\/2023\/04\/Logo-gemalt.jpg","width":382,"height":378,"caption":"SV Ingoldingen - Muttensweiler - Steinhausen e.V."},"image":{"@id":"https:\/\/www.svmuttensweiler.de\/page\/#\/schema\/logo\/image\/"},"sameAs":["https:\/\/www.facebook.com\/svmuttensweiler\/?locale=de_DE"]}]}},"_links":{"self":[{"href":"https:\/\/www.svmuttensweiler.de\/page\/wp-json\/wp\/v2\/pages\/599","targetHints":{"allow":["GET"]}}],"collection":[{"href":"https:\/\/www.svmuttensweiler.de\/page\/wp-json\/wp\/v2\/pages"}],"about":[{"href":"https:\/\/www.svmuttensweiler.de\/page\/wp-json\/wp\/v2\/types\/page"}],"author":[{"embeddable":true,"href":"https:\/\/www.svmuttensweiler.de\/page\/wp-json\/wp\/v2\/users\/1"}],"replies":[{"embeddable":true,"href":"https:\/\/www.svmuttensweiler.de\/page\/wp-json\/wp\/v2\/comments?post=599"}],"version-history":[{"count":12,"href":"https:\/\/www.svmuttensweiler.de\/page\/wp-json\/wp\/v2\/pages\/599\/revisions"}],"predecessor-version":[{"id":3510,"href":"https:\/\/www.svmuttensweiler.de\/page\/wp-json\/wp\/v2\/pages\/599\/revisions\/3510"}],"up":[{"embeddable":true,"href":"https:\/\/www.svmuttensweiler.de\/page\/wp-json\/wp\/v2\/pages\/41"}],"wp:attachment":[{"href":"https:\/\/www.svmuttensweiler.de\/page\/wp-json\/wp\/v2\/media?parent=599"}],"curies":[{"name":"wp","href":"https:\/\/api.w.org\/{rel}","templated":true}]}}