{"id":719,"date":"2015-05-31T18:58:20","date_gmt":"2015-05-31T16:58:20","guid":{"rendered":"http:\/\/www.svmuttensweiler.de\/page\/?page_id=719"},"modified":"2026-01-16T14:42:03","modified_gmt":"2026-01-16T13:42:03","slug":"chronik-archiv","status":"publish","type":"page","link":"https:\/\/www.svmuttensweiler.de\/page\/chronik-archiv\/","title":{"rendered":"Vereinschronik bis heute"},"content":{"rendered":"\n<p><strong>Unser Verein in 75 Jahren<\/strong><\/p>\n\n\n\n<p><br><strong>Den SV Muttensweiler gab es bereits von 1928 &#8211; 1933! Josef Frick erinnert sich<\/strong>&nbsp;[<a href=\"http:\/\/www.svmuttensweiler.de\/chronik\/1928-33.htm\">Bericht<\/a>]<strong><br><\/strong><strong><br><\/strong><strong>1947<\/strong><br>Aufnahme des Spielbetriebs einer Fu\u00dfballmannschaft. Erstes Spiel am Ostermontag 1947 gegen den SV Ober\/Untersulmetingen. Ab Herbst 1947 Teilnahme an den Rundenspielen der B-Klasse \u201eRi\u00df\u201c. Nach den Besatzungsstatuten war die offizielle Vereins-gr\u00fcndung zun\u00e4chst noch nicht m\u00f6glich.<\/p>\n\n\n\n<p>&nbsp;<br><strong>Am 17. Juli 1948 Gr\u00fcndungsversammlung im \u201eAdler\u201c in Muttensweiler<\/strong><br>mit Beschlu\u00df der Vereinssatzung (26 Mitglieder). Am 31. Dezember 1948 und 8. Februar 1949 Erteilung der Genehmigung der Milit\u00e4r- regierung f\u00fcr die franz\u00f6sisch besetzte Zone zur Gr\u00fcndung eines Vereins unter dem Namen Sportverein Muttensweiler\/ Steinhausen. Als Gr\u00fcndungsmitglieder sind angegeben: Hans M\u00fcller (1. Vorsitzender), Paul Sauter (2. Vorsitzender und Spartenleiter Fu\u00dfball), Josef Frick (3. Vorsitzender), Karl Link (Spartenleiter Gymnastik). Ausschu\u00dfmitglieder: Josef Heinzelmann (Spartenleiter Tischtennis) und Josef M\u00fcller (Kassier). Bemerkenswert: schon damals wurde nicht nur Fu\u00dfball gespielt!<\/p>\n\n\n\n<p><br><strong>Erinnerungen&nbsp; &#8230;.<\/strong><\/p>\n\n\n\n<p><strong>Die Muttensweiler Kicker fuhren in der Saison 1949\/50 mit Alder\u00b4-wirts&#8217;s Bulldog und H\u00e4nger zum Ausw\u00e4rtsspiel nach Ringschnait. Nach dem Spiel sprachen wohl einige Spieler noch etwas dem Most zu und erschienen nicht rechtzeitig zur vereinbarten R\u00fcckfahrtszeit. Der Adlerwirt &#8211; ein Mann der Disziplin &#8211; drehte daraufhin noch eine Runde durch den Ort und hupte, um dann die R\u00fcckfahrt anzutreten. F\u00fcr einige Spieler bedeutete das einen langen Fu\u00dfmarsch nach Hause. Sie wurden dann aber sp\u00e4t abends noch beim Tanz im Gasthaus &#8222;Kreuz&#8220; in Ingoldingen gesehen.<\/strong><\/p>\n\n\n\n<p><br><strong>1959<\/strong><br>Krise im Verein: der Fu\u00dfballspielbetrieb der aktiven Mannschaften wurde vor\u00fcbergehend eingestellt, die Jugendarbeit mu\u00dfte verst\u00e4rkt werden.<\/p>\n\n\n\n<p><strong>1961<br><\/strong>Wiederaufnahme des Spielbetriebs. Ingoldingen wird offiziell in den Verein aufgenommen und der Vereinsname in<br>SV Ingoldingen-Muttensweiler-Steinhausen 1947 e.V. ge\u00e4ndert.<\/p>\n\n\n\n<p><strong>1962<br><\/strong>\u00dcberschreiten der 100 &#8211; Mitglieder &#8211; Marke. Aufbau einer Leichtathletikgruppe, die vor allem bei Kreismeisterschaften und Waldl\u00e4ufen startete. Etwa ab 1972 mehr und mehr \u00dcbergang zum Volleyball und ab 1983\/84 Teilnahme an der Spielrunde. Sp\u00e4ter ging die Leichtathletikabteilung in der Abteilung Breitensport auf. Letztes Relikt der Leichtathletikgruppe: die j\u00e4hrliche Sportabzeichenabnahme.<\/p>\n\n\n\n<p><\/p>\n\n\n\n<p><strong>Erinnerungen&nbsp; &#8230;.&nbsp;<\/strong><\/p>\n\n\n\n<p><strong>In den f\u00fcnfziger und sechziger Jahren waren die Pokalturniere des SV Muttensweiler das gr\u00f6\u00dfte gesellschaftliche Ereignis im Dorf. Die teilnehmenden Mannschaften zogen&nbsp; &#8211; begleitet von jeweils einer Festdame und einem Buben, der eine Tafel mit dem Vereinsnamen trug &#8211;&nbsp; vom Gasthaus Adler hinaus zum Sportplatz. Begleitet wurden sie von einer Musikkapelle. F\u00fcr uns Buben war das wichtigste, da\u00df an der jeweiligen Vereinstafel, die wir tragen durften, ein Knauzenwecken mit einer roten Wurst hing. Nach dem Umzug durften wir diesen Preis verspeisen und erhielten meist noch von dem Mannschaftskapit\u00e4n eine Limonade.&nbsp;&nbsp;&nbsp;<\/strong><\/p>\n\n\n\n<p><\/p>\n\n\n\n<p><strong>1964&nbsp;<br><\/strong>Gr\u00fcndung der Abteilung Breitensport, die sich durch st\u00e4ndig neue Gruppen zur st\u00e4rksten Abteilung des Vereins entwickelte.<\/p>\n\n\n\n<p><strong>25. Nov. 67<br><\/strong>Einstimmiger Beschlu\u00df der Hauptversammlung, eine vereinseigene Turnhalle mit Umkleide-, Dusch- und Ger\u00e4ter\u00e4umen zu bauen. Zur Finanzierung wird im Winter 1967\/68 zun\u00e4chst in Eigenleistung Bauholz geschlagen.&nbsp;&nbsp;&nbsp;&nbsp;&nbsp;&nbsp;&nbsp;&nbsp;&nbsp;&nbsp;&nbsp;&nbsp;&nbsp;&nbsp;&nbsp;<\/p>\n\n\n\n<p><strong>Erinnerungen&nbsp; &#8230;.<\/strong><\/p>\n\n\n\n<p><strong>Der Bau der Turnhalle warf seine Schatten voraus und mu\u00dfte von langer Hand vorbereitet werden. So war der damalige 1. Vorsitzende Hans M\u00fcller schon fr\u00fchzeitig nicht nur um Geld sondern auch um Baumaterial bem\u00fcht. Mehrere Wochen lang hat er die Leichtathletikgruppe vom Training weg zum Sandwerfen abkommandiert. Seine Begr\u00fcndung: \u201eDes ischt au Sport!\u201c<\/strong><\/p>\n\n\n\n<p>&nbsp;<br><strong>23. Juli 68<\/strong><br>Feierliche Grundsteinlegung f\u00fcr die Turnhalle.<br><br><strong>1970<br><\/strong>Die Fu\u00dfballmannschaft wird Meister in der C-Klasse<\/p>\n\n\n\n<p><strong>Januar 72<br><\/strong>Die Turnhalle wird ihrer Zweckbestimmung \u00fcbergeben und am 24.\/25. Juni 1972 anl\u00e4sslich der Feier des 25-j\u00e4hrigen Vereins-jubil\u00e4ums offiziell eingeweiht. 195 freiwillige Helfer haben insgesamt 9886,5 unentgeltliche Arbeitsstunden geleistet. Die Turnhalle hatte eine Gr\u00f6\u00dfe von 18 x 10 x 5,5 m und kostete 198.951,48 DM.<\/p>\n\n\n\n<p><strong>1973<\/strong><br>Einrichtung eines Vereinsheims im Ger\u00e4teraum der Turnhalle mit verschiedenen Erweiterungen und Instandsetzungen.<\/p>\n\n\n\n<p><strong>1975<br><\/strong>Es wird eine Sportplatzbeleuchtung installiert.<\/p>\n\n\n\n<p><strong>1977<\/strong><br>Gr\u00fcndung einer Tennisabteilung und Bau eines Platzes. 1980 Bau eines Tennisheims und 1984 Bau des zweiten Platzes. 1996 Erweiterung um zwei Pl\u00e4tze und Teilnahme einer Herrenmannschaft am Spielbetrieb.<\/p>\n\n\n\n<p><strong>1978<br><\/strong>Gr\u00fcndung einer Abteilung Radsport. Die Kunstradfahrer erreichen in den folgenden Jahren und \u00fcberregional hervorragende&nbsp;Platzierungen. Sp\u00e4ter kommen die Radballspieler hinzu.<\/p>\n\n\n\n<p><strong>1978<br><\/strong>Fertigstellung der Turnhalle und der Au\u00dfensportanlage bei der Grund- und Hauptschule durch die Gemeinde Ingoldingen. Mitben\u00fctzung durch den Sportverein.<br><br><strong><br>Erinnerungen&nbsp; &#8230;.&nbsp;<\/strong><\/p>\n\n\n\n<p><strong>Anfang der f\u00fcnfziger Jahre erk\u00e4mpften die Muttensweiler Fu\u00dfballer bei einem Pokalturnier in Stafflangen den 1. Siegerpokal. Auf der sp\u00e4ten Heimfahrt mit dem Fahrrad nach einer feucht-fr\u00f6hlichen Siegesfeier st\u00fcrzte der Spieler Artur Klaiber in einen Getreideacker und verlor den Pokal. Der Deckel des Pokals konnte auch bei der Suche am Morgen danach nicht mehr gefunden werden.&nbsp;&nbsp;<\/strong><\/p>\n\n\n\n<p><br><strong>1981<\/strong><br>Gr\u00fcndung einer Ski-Abteilung, die Alpin- und Langlaufkurse, Skiausfahrten sowie Skigymnastik anbietet.<br><strong><br>1981-84<\/strong><br>Erweiterung der Turnhalle um 6 m und der Nebenr\u00e4ume um 9 m und Anschaffung einer B\u00fchne und Bestuhlung. Gesamtkosten 191.295,58 DM.<\/p>\n\n\n\n<p><strong>1986<\/strong><br>Gr\u00fcndung einer Abteilung Volleyball, die zun\u00e4chst mit einer Herren- und sp\u00e4ter auch mit einer Damenmannschaft an der Spielrunde teilnimmt.<\/p>\n\n\n\n<p><strong>1987<\/strong><br>Die Mitgliederzahl \u00fcbersteigt die Zahl 500.<br><br><strong>1989<br><\/strong>Die Fu\u00dfballmannschaft steigt auf in die Kreisliga A<\/p>\n\n\n\n<p><strong>Juni 1987<\/strong><br>Feier des 40-j\u00e4hrigen Vereinsjubil\u00e4ums mit Fu\u00dfball-Pokalturnier und Richard-Miehle-Ged\u00e4chtnisturnier.<\/p>\n\n\n\n<p><strong>1995<\/strong><br>Die Gemeinde Ingoldingen erwirbt ein Grundst\u00fcck zur Erweiterung der Tennispl\u00e4tze und des Sportgel\u00e4ndes, wobei zun\u00e4chst der vorhandene Kies abgebaut werden mu\u00dfte.<\/p>\n\n\n\n<p><strong>1997<\/strong><br>Bau einer Flutlichtanlage auf dem Sportplatz der Gemeinde in Ingoldingen.<br>Die Mannschaft im Jubil\u00e4umsjahr 1997 [<a href=\"http:\/\/www.svmuttensweiler.de\/_Version%203\/Manschaftsbild%20Jubilaeumsjahr.htm\">Bild]<\/a><br><br><strong>2002<\/strong><\/p>\n\n\n\n<p>Bau des Spielplatzes im auf dem Sportgel\u00e4nde<\/p>\n\n\n\n<p><strong>2003<\/strong><\/p>\n\n\n\n<p>Bau der blauen H\u00fctte als Ger\u00e4teraum f\u00fcr Fu\u00dfball, Beachvolleyball und Boule<\/p>\n\n\n\n<p><strong>2004<\/strong><\/p>\n\n\n\n<p>Bau des Beachvolleyballplatzes in Eigenregie der Abteilung Volleyball<\/p>\n\n\n\n<p><strong>2011-2012<\/strong><\/p>\n\n\n\n<p>Vergr\u00f6\u00dferung Gel\u00e4nde vor dem Vereinsheim und Bau des neuen Ballfangzauns<\/p>\n\n\n\n<p><strong>2012<\/strong><\/p>\n\n\n\n<p>Die Fu\u00dfballer des SVM haben es endlich geschafft. Der SVM bezwang am Samstag, 9. Juni, in der Relegation in Schemmerberg den TSV Attenweiler mit 2:1 und steigt damit in die Fu\u00dfballkreisliga A II auf.&nbsp;<\/p>\n\n\n\n<p><strong>2014<\/strong><\/p>\n\n\n\n<p>Anschaffung der Kabinen f\u00fcr die Trainer und Auswechselspieler am Sportplatz<\/p>\n\n\n\n<p><strong>2015<\/strong><\/p>\n\n\n\n<p>\u00dcbergabe der Turnhalle an die Gemeinde Ingoldingen, da die Sanierungs- und Unterhaltungskosten in den vergangenen Jahren s\u00e4mtliche \u00dcbersch\u00fcsse des Vereins aufgebraucht haben.<\/p>\n\n\n\n<p><strong>2018<\/strong><\/p>\n\n\n\n<p>Renovierung und Neuanstrich der blauen H\u00fctte, ebenso Sanierung des Spielplatzes.<\/p>\n\n\n\n<p><strong>2020<\/strong><\/p>\n\n\n\n<p>Erste \u00dcberlegungen f\u00fcr den Neubau eines Vereinsheims sind gestartet. Es wird ein Gesamtkonzept gemeinsam mit einer notwendigen Hallensanierung angestrebt. <\/p>\n\n\n\n<p><strong>2022<\/strong><\/p>\n\n\n\n<p>01.-03.07.2022 <\/p>\n\n\n\n<p>Jubil\u00e4um &#8211; Wir feiern 75 Jahre &#8211; SV Ingoldingen-Muttensweiler-Steinhausen e.V..  Einen detaillierten Bericht findet ihr unter <a href=\"http:\/\/www.svmuttensweiler.de\/page\/jubilaeum-2022\/\">Jubil\u00e4um 2022 &#8211; SV Muttensweiler<\/a>.<\/p>\n\n\n\n<p><strong>2023<\/strong><\/p>\n\n\n\n<p><strong>Volleyball:<\/strong><\/p>\n\n\n\n<p>Nach 12 Jahren gelang der ersten Volleyball\u2013Damenmannschaft vom SV Muttensweiler mit dem Aufstieg in die Landesliga wieder eine besondere Leistung.<\/p>\n\n\n\n<p>Fast ungeschlagen kamen sie durch die Saison, lediglich in einem Spiel mussten sie den Sieg abgeben. 46 gewonnene S\u00e4tze standen am Saisonende sieben S\u00e4tzen entgegen, die sie abgeben mussten. Dadurch konnten sie sich mit sensationellen sechs Punkten Vorsprung den ersten Tabellenplatz, und damit den direkten Aufstieg in die Landesliga, sichern. Klasse Leistung!<\/p>\n\n\n\n<p><strong>Fu\u00dfball<\/strong><\/p>\n\n\n\n<p>Auch unsere Kicker konnten Historisches leisten. Neben der vorzeitigen Titelverteidigung der Reservemannschaft konnte die erste Mannschaft das erste Mal in der Geschichte des SVM die Meisterschaft der Kreisliga A gewinnen und so in die Bezirksliga aufsteigen. <\/p>\n\n\n\n<p>Somit konnten im Jahr 2023 drei! Meisterschaften ausgiebig gefeiert werden!!!   <\/p>\n\n\n\n<p> <strong>2025<\/strong><\/p>\n\n\n\n<p>Nach einer engagierten Bezirksligasaison 2023\/24, in der unsere Mannschaft mit acht Siegen und neun Unentschieden einen soliden 8. Tabellenplatz erreichte, mussten wir uns im Jahr 2025 leider wieder aus der Liga verabschieden. Ausschlaggebend war dabei unter anderem die umfassende Strukturreform und die Fusion mit dem Bezirk Donau, durch die insgesamt acht Teams den Weg in die Kreisliga A antreten mussten.<\/p>\n\n\n\n<p>Trotz des Abschieds bleibt das Kapitel Bezirksliga als Beweis f\u00fcr den Einsatz und Zusammenhalt unserer Mannschaft in Erinnerung \u2013 und als Ansporn, mit neuer Motivation in die kommenden Herausforderungen zu starten.<\/p>\n\n\n\n<p><strong>Anschaffung neue Flutlichtanlage in Muttensweiler<\/strong><\/p>\n\n\n\n<p>Zum Jahresende wurde die Modernisierung unserer Flutlichtanlage erfolgreich abgeschlossen. Wir verf\u00fcgen nun \u00fcber eine energieeffiziente LED-Beleuchtung, die sowohl die Trainings- als auch die Spielbedingungen deutlich verbessert und dabei auch kr\u00e4ftig in die Umweltbilanz einzahlt. Dank der Unterst\u00fctzung unserer F\u00f6rderer und Partner konnten wir die gr\u00f6\u00dfte Investition der Vereinsgeschichte in den vergangenen Jahren realisieren, auf die wir als Verein sehr stolz sind.<\/p>\n\n\n\n<p>Fortsetzung folgt \ud83d\ude42<\/p>\n\n\n\n<p><br>&nbsp;<\/p>\n\n\n\n<p><br>&nbsp;<\/p>\n\n\n\n<p><\/p>\n","protected":false},"excerpt":{"rendered":"<p>Unser Verein in 75 Jahren Den SV Muttensweiler gab es bereits von 1928 &#8211; 1933! Josef Frick erinnert sich&nbsp;[Bericht]1947Aufnahme des Spielbetriebs einer Fu\u00dfballmannschaft. Erstes Spiel am Ostermontag 1947 gegen den SV Ober\/Untersulmetingen. Ab Herbst 1947 Teilnahme an den Rundenspielen der B-Klasse \u201eRi\u00df\u201c. Nach den Besatzungsstatuten war die offizielle Vereins-gr\u00fcndung zun\u00e4chst noch nicht m\u00f6glich. &nbsp;Am 17. [&hellip;]<\/p>\n","protected":false},"author":1,"featured_media":0,"parent":0,"menu_order":0,"comment_status":"open","ping_status":"open","template":"","meta":{"footnotes":""},"class_list":["post-719","page","type-page","status-publish","hentry"],"yoast_head":"<!-- This site is optimized with the Yoast SEO plugin v26.2 - https:\/\/yoast.com\/wordpress\/plugins\/seo\/ -->\n<title>Vereinschronik bis heute - SV Ingoldingen - Muttensweiler - Steinhausen e.V.<\/title>\n<meta name=\"robots\" content=\"index, follow, max-snippet:-1, max-image-preview:large, max-video-preview:-1\" \/>\n<link rel=\"canonical\" href=\"https:\/\/www.svmuttensweiler.de\/page\/chronik-archiv\/\" \/>\n<meta property=\"og:locale\" content=\"de_DE\" \/>\n<meta property=\"og:type\" content=\"article\" \/>\n<meta property=\"og:title\" content=\"Vereinschronik bis heute - SV Ingoldingen - Muttensweiler - Steinhausen e.V.\" \/>\n<meta property=\"og:description\" content=\"Unser Verein in 75 Jahren Den SV Muttensweiler gab es bereits von 1928 &#8211; 1933! Josef Frick erinnert sich&nbsp;[Bericht]1947Aufnahme des Spielbetriebs einer Fu\u00dfballmannschaft. Erstes Spiel am Ostermontag 1947 gegen den SV Ober\/Untersulmetingen. Ab Herbst 1947 Teilnahme an den Rundenspielen der B-Klasse \u201eRi\u00df\u201c. Nach den Besatzungsstatuten war die offizielle Vereins-gr\u00fcndung zun\u00e4chst noch nicht m\u00f6glich. &nbsp;Am 17. [&hellip;]\" \/>\n<meta property=\"og:url\" content=\"https:\/\/www.svmuttensweiler.de\/page\/chronik-archiv\/\" \/>\n<meta property=\"og:site_name\" content=\"SV Ingoldingen - Muttensweiler - Steinhausen e.V.\" \/>\n<meta property=\"article:publisher\" content=\"https:\/\/www.facebook.com\/svmuttensweiler\/?locale=de_DE\" \/>\n<meta property=\"article:modified_time\" content=\"2026-01-16T13:42:03+00:00\" \/>\n<meta name=\"twitter:card\" content=\"summary_large_image\" \/>\n<meta name=\"twitter:label1\" content=\"Gesch\u00e4tzte Lesezeit\" \/>\n\t<meta name=\"twitter:data1\" content=\"8\u00a0Minuten\" \/>\n<script type=\"application\/ld+json\" class=\"yoast-schema-graph\">{\"@context\":\"https:\/\/schema.org\",\"@graph\":[{\"@type\":\"WebPage\",\"@id\":\"https:\/\/www.svmuttensweiler.de\/page\/chronik-archiv\/\",\"url\":\"https:\/\/www.svmuttensweiler.de\/page\/chronik-archiv\/\",\"name\":\"Vereinschronik bis heute - SV Ingoldingen - Muttensweiler - Steinhausen e.V.\",\"isPartOf\":{\"@id\":\"https:\/\/www.svmuttensweiler.de\/page\/#website\"},\"datePublished\":\"2015-05-31T16:58:20+00:00\",\"dateModified\":\"2026-01-16T13:42:03+00:00\",\"breadcrumb\":{\"@id\":\"https:\/\/www.svmuttensweiler.de\/page\/chronik-archiv\/#breadcrumb\"},\"inLanguage\":\"de\",\"potentialAction\":[{\"@type\":\"ReadAction\",\"target\":[\"https:\/\/www.svmuttensweiler.de\/page\/chronik-archiv\/\"]}]},{\"@type\":\"BreadcrumbList\",\"@id\":\"https:\/\/www.svmuttensweiler.de\/page\/chronik-archiv\/#breadcrumb\",\"itemListElement\":[{\"@type\":\"ListItem\",\"position\":1,\"name\":\"Startseite\",\"item\":\"https:\/\/www.svmuttensweiler.de\/page\/\"},{\"@type\":\"ListItem\",\"position\":2,\"name\":\"Vereinschronik bis heute\"}]},{\"@type\":\"WebSite\",\"@id\":\"https:\/\/www.svmuttensweiler.de\/page\/#website\",\"url\":\"https:\/\/www.svmuttensweiler.de\/page\/\",\"name\":\"SV Ingoldingen - Muttensweiler - Steinhausen e.V.\",\"description\":\"Homepage\",\"publisher\":{\"@id\":\"https:\/\/www.svmuttensweiler.de\/page\/#organization\"},\"alternateName\":\"SV Muttensweiler\",\"potentialAction\":[{\"@type\":\"SearchAction\",\"target\":{\"@type\":\"EntryPoint\",\"urlTemplate\":\"https:\/\/www.svmuttensweiler.de\/page\/?s={search_term_string}\"},\"query-input\":{\"@type\":\"PropertyValueSpecification\",\"valueRequired\":true,\"valueName\":\"search_term_string\"}}],\"inLanguage\":\"de\"},{\"@type\":\"Organization\",\"@id\":\"https:\/\/www.svmuttensweiler.de\/page\/#organization\",\"name\":\"SV Ingoldingen - Muttensweiler - Steinhausen e.V.\",\"url\":\"https:\/\/www.svmuttensweiler.de\/page\/\",\"logo\":{\"@type\":\"ImageObject\",\"inLanguage\":\"de\",\"@id\":\"https:\/\/www.svmuttensweiler.de\/page\/#\/schema\/logo\/image\/\",\"url\":\"https:\/\/www.svmuttensweiler.de\/page\/wp-content\/uploads\/2023\/04\/Logo-gemalt.jpg\",\"contentUrl\":\"https:\/\/www.svmuttensweiler.de\/page\/wp-content\/uploads\/2023\/04\/Logo-gemalt.jpg\",\"width\":382,\"height\":378,\"caption\":\"SV Ingoldingen - Muttensweiler - Steinhausen e.V.\"},\"image\":{\"@id\":\"https:\/\/www.svmuttensweiler.de\/page\/#\/schema\/logo\/image\/\"},\"sameAs\":[\"https:\/\/www.facebook.com\/svmuttensweiler\/?locale=de_DE\"]}]}<\/script>\n<!-- \/ Yoast SEO plugin. -->","yoast_head_json":{"title":"Vereinschronik bis heute - SV Ingoldingen - Muttensweiler - Steinhausen e.V.","robots":{"index":"index","follow":"follow","max-snippet":"max-snippet:-1","max-image-preview":"max-image-preview:large","max-video-preview":"max-video-preview:-1"},"canonical":"https:\/\/www.svmuttensweiler.de\/page\/chronik-archiv\/","og_locale":"de_DE","og_type":"article","og_title":"Vereinschronik bis heute - SV Ingoldingen - Muttensweiler - Steinhausen e.V.","og_description":"Unser Verein in 75 Jahren Den SV Muttensweiler gab es bereits von 1928 &#8211; 1933! Josef Frick erinnert sich&nbsp;[Bericht]1947Aufnahme des Spielbetriebs einer Fu\u00dfballmannschaft. Erstes Spiel am Ostermontag 1947 gegen den SV Ober\/Untersulmetingen. Ab Herbst 1947 Teilnahme an den Rundenspielen der B-Klasse \u201eRi\u00df\u201c. Nach den Besatzungsstatuten war die offizielle Vereins-gr\u00fcndung zun\u00e4chst noch nicht m\u00f6glich. &nbsp;Am 17. [&hellip;]","og_url":"https:\/\/www.svmuttensweiler.de\/page\/chronik-archiv\/","og_site_name":"SV Ingoldingen - Muttensweiler - Steinhausen e.V.","article_publisher":"https:\/\/www.facebook.com\/svmuttensweiler\/?locale=de_DE","article_modified_time":"2026-01-16T13:42:03+00:00","twitter_card":"summary_large_image","twitter_misc":{"Gesch\u00e4tzte Lesezeit":"8\u00a0Minuten"},"schema":{"@context":"https:\/\/schema.org","@graph":[{"@type":"WebPage","@id":"https:\/\/www.svmuttensweiler.de\/page\/chronik-archiv\/","url":"https:\/\/www.svmuttensweiler.de\/page\/chronik-archiv\/","name":"Vereinschronik bis heute - SV Ingoldingen - Muttensweiler - Steinhausen e.V.","isPartOf":{"@id":"https:\/\/www.svmuttensweiler.de\/page\/#website"},"datePublished":"2015-05-31T16:58:20+00:00","dateModified":"2026-01-16T13:42:03+00:00","breadcrumb":{"@id":"https:\/\/www.svmuttensweiler.de\/page\/chronik-archiv\/#breadcrumb"},"inLanguage":"de","potentialAction":[{"@type":"ReadAction","target":["https:\/\/www.svmuttensweiler.de\/page\/chronik-archiv\/"]}]},{"@type":"BreadcrumbList","@id":"https:\/\/www.svmuttensweiler.de\/page\/chronik-archiv\/#breadcrumb","itemListElement":[{"@type":"ListItem","position":1,"name":"Startseite","item":"https:\/\/www.svmuttensweiler.de\/page\/"},{"@type":"ListItem","position":2,"name":"Vereinschronik bis heute"}]},{"@type":"WebSite","@id":"https:\/\/www.svmuttensweiler.de\/page\/#website","url":"https:\/\/www.svmuttensweiler.de\/page\/","name":"SV Ingoldingen - Muttensweiler - Steinhausen e.V.","description":"Homepage","publisher":{"@id":"https:\/\/www.svmuttensweiler.de\/page\/#organization"},"alternateName":"SV Muttensweiler","potentialAction":[{"@type":"SearchAction","target":{"@type":"EntryPoint","urlTemplate":"https:\/\/www.svmuttensweiler.de\/page\/?s={search_term_string}"},"query-input":{"@type":"PropertyValueSpecification","valueRequired":true,"valueName":"search_term_string"}}],"inLanguage":"de"},{"@type":"Organization","@id":"https:\/\/www.svmuttensweiler.de\/page\/#organization","name":"SV Ingoldingen - Muttensweiler - Steinhausen e.V.","url":"https:\/\/www.svmuttensweiler.de\/page\/","logo":{"@type":"ImageObject","inLanguage":"de","@id":"https:\/\/www.svmuttensweiler.de\/page\/#\/schema\/logo\/image\/","url":"https:\/\/www.svmuttensweiler.de\/page\/wp-content\/uploads\/2023\/04\/Logo-gemalt.jpg","contentUrl":"https:\/\/www.svmuttensweiler.de\/page\/wp-content\/uploads\/2023\/04\/Logo-gemalt.jpg","width":382,"height":378,"caption":"SV Ingoldingen - Muttensweiler - Steinhausen e.V."},"image":{"@id":"https:\/\/www.svmuttensweiler.de\/page\/#\/schema\/logo\/image\/"},"sameAs":["https:\/\/www.facebook.com\/svmuttensweiler\/?locale=de_DE"]}]}},"_links":{"self":[{"href":"https:\/\/www.svmuttensweiler.de\/page\/wp-json\/wp\/v2\/pages\/719","targetHints":{"allow":["GET"]}}],"collection":[{"href":"https:\/\/www.svmuttensweiler.de\/page\/wp-json\/wp\/v2\/pages"}],"about":[{"href":"https:\/\/www.svmuttensweiler.de\/page\/wp-json\/wp\/v2\/types\/page"}],"author":[{"embeddable":true,"href":"https:\/\/www.svmuttensweiler.de\/page\/wp-json\/wp\/v2\/users\/1"}],"replies":[{"embeddable":true,"href":"https:\/\/www.svmuttensweiler.de\/page\/wp-json\/wp\/v2\/comments?post=719"}],"version-history":[{"count":18,"href":"https:\/\/www.svmuttensweiler.de\/page\/wp-json\/wp\/v2\/pages\/719\/revisions"}],"predecessor-version":[{"id":3686,"href":"https:\/\/www.svmuttensweiler.de\/page\/wp-json\/wp\/v2\/pages\/719\/revisions\/3686"}],"wp:attachment":[{"href":"https:\/\/www.svmuttensweiler.de\/page\/wp-json\/wp\/v2\/media?parent=719"}],"curies":[{"name":"wp","href":"https:\/\/api.w.org\/{rel}","templated":true}]}}