{"id":912,"date":"2015-08-04T19:39:07","date_gmt":"2015-08-04T17:39:07","guid":{"rendered":"http:\/\/www.svmuttensweiler.de\/page\/?page_id=912"},"modified":"2023-05-03T11:05:49","modified_gmt":"2023-05-03T09:05:49","slug":"sponsoren","status":"publish","type":"page","link":"https:\/\/www.svmuttensweiler.de\/page\/fussball\/sponsoren\/","title":{"rendered":"Sponsoren"},"content":{"rendered":"<p>\u00a0<\/p>\n<table width=\"388\">\n<tbody>\n<tr>\n<td width=\"388\">A+B Ingoldingen Asphaltwerk<\/td>\n<\/tr>\n<tr>\n<td>Allianz Agentur Maucher und Betz OHG<\/td>\n<\/tr>\n<tr>\n<td>Allianz Agentur K\u00f6hler Biberach<\/td>\n<\/tr>\n<tr>\n<td>Bernd Fessler Fliesenleger<\/td>\n<\/tr>\n<tr>\n<td>C &amp; H Gruppe GmbH<\/td>\n<\/tr>\n<tr>\n<td>F.X. Schmid Metallbau<\/td>\n<\/tr>\n<tr>\n<td>Gasthaus Kreuz<\/td>\n<\/tr>\n<tr>\n<td>H\u00e4gele stemmts &#8211; Torsten H\u00e4gele<\/td>\n<\/tr>\n<tr>\n<td>Josef Bendel GmbH Optik Kontaktlinsen<\/td>\n<\/tr>\n<tr>\n<td>Kreissparkasse Biberach<\/td>\n<\/tr>\n<tr>\n<td>KS Bautec GbR<\/td>\n<\/tr>\n<tr>\n<td>Landgasthof zur Linde<\/td>\n<\/tr>\n<tr>\n<td>LUTZ GmbH<\/td>\n<\/tr>\n<tr>\n<td>Metzler Werbung<\/td>\n<\/tr>\n<tr>\n<td>Raiffeisenbank Bad Schussenried-Aulendorf eG<\/td>\n<\/tr>\n<tr>\n<td>Reger &amp; Schulz GmbH &amp; Co. KG<\/td>\n<\/tr>\n<tr>\n<td>Reutter Blechbearbeitung GmbH<\/td>\n<\/tr>\n<tr>\n<td>Roland Voltenauer\u00a0 Steuerberater<\/td>\n<\/tr>\n<tr>\n<td>Risstalmetzgerei GmbH &amp; Co. KG<\/td>\n<\/tr>\n<tr>\n<td>Schussenrieder Brauerei Ott<\/td>\n<\/tr>\n<tr>\n<td>Serveria GmbH<\/td>\n<\/tr>\n<tr>\n<td>St\u00f6hr Logistik GmbH<\/td>\n<\/tr>\n<tr>\n<td>St\u00fctzle Energieberatung<\/td>\n<\/tr>\n<tr>\n<td>SV Versicherung<\/td>\n<\/tr>\n<tr>\n<td>Team &amp; Player<\/td>\n<\/tr>\n<tr>\n<td>Trockenbau Birk<\/td>\n<\/tr>\n<\/tbody>\n<\/table>\n\n\n<p>VIELEN DANK F\u00dcR EURE UNTERST\u00dcTZUNG!!!!<\/p>\n","protected":false},"excerpt":{"rendered":"<p>\u00a0 A+B Ingoldingen Asphaltwerk Allianz Agentur Maucher und Betz OHG Allianz Agentur K\u00f6hler Biberach Bernd Fessler Fliesenleger C &amp; H Gruppe GmbH F.X. Schmid Metallbau Gasthaus Kreuz H\u00e4gele stemmts &#8211; Torsten H\u00e4gele Josef Bendel GmbH Optik Kontaktlinsen Kreissparkasse Biberach KS Bautec GbR Landgasthof zur Linde LUTZ GmbH Metzler Werbung Raiffeisenbank Bad Schussenried-Aulendorf eG Reger &amp; [&hellip;]<\/p>\n","protected":false},"author":1,"featured_media":0,"parent":101,"menu_order":0,"comment_status":"open","ping_status":"open","template":"","meta":{"footnotes":""},"class_list":["post-912","page","type-page","status-publish","hentry"],"yoast_head":"<!-- This site is optimized with the Yoast SEO plugin v26.2 - https:\/\/yoast.com\/wordpress\/plugins\/seo\/ -->\n<title>Sponsoren - SV Ingoldingen - Muttensweiler - Steinhausen e.V.<\/title>\n<meta name=\"robots\" content=\"index, follow, max-snippet:-1, max-image-preview:large, max-video-preview:-1\" \/>\n<link rel=\"canonical\" href=\"https:\/\/www.svmuttensweiler.de\/page\/fussball\/sponsoren\/\" \/>\n<meta property=\"og:locale\" content=\"de_DE\" \/>\n<meta property=\"og:type\" content=\"article\" \/>\n<meta property=\"og:title\" content=\"Sponsoren - SV Ingoldingen - Muttensweiler - Steinhausen e.V.\" \/>\n<meta property=\"og:description\" content=\"\u00a0 A+B Ingoldingen Asphaltwerk Allianz Agentur Maucher und Betz OHG Allianz Agentur K\u00f6hler Biberach Bernd Fessler Fliesenleger C &amp; H Gruppe GmbH F.X. Schmid Metallbau Gasthaus Kreuz H\u00e4gele stemmts &#8211; Torsten H\u00e4gele Josef Bendel GmbH Optik Kontaktlinsen Kreissparkasse Biberach KS Bautec GbR Landgasthof zur Linde LUTZ GmbH Metzler Werbung Raiffeisenbank Bad Schussenried-Aulendorf eG Reger &amp; [&hellip;]\" \/>\n<meta property=\"og:url\" content=\"https:\/\/www.svmuttensweiler.de\/page\/fussball\/sponsoren\/\" \/>\n<meta property=\"og:site_name\" content=\"SV Ingoldingen - Muttensweiler - Steinhausen e.V.\" \/>\n<meta property=\"article:publisher\" content=\"https:\/\/www.facebook.com\/svmuttensweiler\/?locale=de_DE\" \/>\n<meta property=\"article:modified_time\" content=\"2023-05-03T09:05:49+00:00\" \/>\n<meta name=\"twitter:card\" content=\"summary_large_image\" \/>\n<meta name=\"twitter:label1\" content=\"Gesch\u00e4tzte Lesezeit\" \/>\n\t<meta name=\"twitter:data1\" content=\"1\u00a0Minute\" \/>\n<script type=\"application\/ld+json\" class=\"yoast-schema-graph\">{\"@context\":\"https:\/\/schema.org\",\"@graph\":[{\"@type\":\"WebPage\",\"@id\":\"https:\/\/www.svmuttensweiler.de\/page\/fussball\/sponsoren\/\",\"url\":\"https:\/\/www.svmuttensweiler.de\/page\/fussball\/sponsoren\/\",\"name\":\"Sponsoren - SV Ingoldingen - Muttensweiler - Steinhausen e.V.\",\"isPartOf\":{\"@id\":\"https:\/\/www.svmuttensweiler.de\/page\/#website\"},\"datePublished\":\"2015-08-04T17:39:07+00:00\",\"dateModified\":\"2023-05-03T09:05:49+00:00\",\"breadcrumb\":{\"@id\":\"https:\/\/www.svmuttensweiler.de\/page\/fussball\/sponsoren\/#breadcrumb\"},\"inLanguage\":\"de\",\"potentialAction\":[{\"@type\":\"ReadAction\",\"target\":[\"https:\/\/www.svmuttensweiler.de\/page\/fussball\/sponsoren\/\"]}]},{\"@type\":\"BreadcrumbList\",\"@id\":\"https:\/\/www.svmuttensweiler.de\/page\/fussball\/sponsoren\/#breadcrumb\",\"itemListElement\":[{\"@type\":\"ListItem\",\"position\":1,\"name\":\"Startseite\",\"item\":\"https:\/\/www.svmuttensweiler.de\/page\/\"},{\"@type\":\"ListItem\",\"position\":2,\"name\":\"Fussball\",\"item\":\"https:\/\/www.svmuttensweiler.de\/page\/fussball\/\"},{\"@type\":\"ListItem\",\"position\":3,\"name\":\"Sponsoren\"}]},{\"@type\":\"WebSite\",\"@id\":\"https:\/\/www.svmuttensweiler.de\/page\/#website\",\"url\":\"https:\/\/www.svmuttensweiler.de\/page\/\",\"name\":\"SV Ingoldingen - Muttensweiler - Steinhausen e.V.\",\"description\":\"Homepage\",\"publisher\":{\"@id\":\"https:\/\/www.svmuttensweiler.de\/page\/#organization\"},\"alternateName\":\"SV Muttensweiler\",\"potentialAction\":[{\"@type\":\"SearchAction\",\"target\":{\"@type\":\"EntryPoint\",\"urlTemplate\":\"https:\/\/www.svmuttensweiler.de\/page\/?s={search_term_string}\"},\"query-input\":{\"@type\":\"PropertyValueSpecification\",\"valueRequired\":true,\"valueName\":\"search_term_string\"}}],\"inLanguage\":\"de\"},{\"@type\":\"Organization\",\"@id\":\"https:\/\/www.svmuttensweiler.de\/page\/#organization\",\"name\":\"SV Ingoldingen - Muttensweiler - Steinhausen e.V.\",\"url\":\"https:\/\/www.svmuttensweiler.de\/page\/\",\"logo\":{\"@type\":\"ImageObject\",\"inLanguage\":\"de\",\"@id\":\"https:\/\/www.svmuttensweiler.de\/page\/#\/schema\/logo\/image\/\",\"url\":\"https:\/\/www.svmuttensweiler.de\/page\/wp-content\/uploads\/2023\/04\/Logo-gemalt.jpg\",\"contentUrl\":\"https:\/\/www.svmuttensweiler.de\/page\/wp-content\/uploads\/2023\/04\/Logo-gemalt.jpg\",\"width\":382,\"height\":378,\"caption\":\"SV Ingoldingen - Muttensweiler - Steinhausen e.V.\"},\"image\":{\"@id\":\"https:\/\/www.svmuttensweiler.de\/page\/#\/schema\/logo\/image\/\"},\"sameAs\":[\"https:\/\/www.facebook.com\/svmuttensweiler\/?locale=de_DE\"]}]}<\/script>\n<!-- \/ Yoast SEO plugin. -->","yoast_head_json":{"title":"Sponsoren - SV Ingoldingen - Muttensweiler - Steinhausen e.V.","robots":{"index":"index","follow":"follow","max-snippet":"max-snippet:-1","max-image-preview":"max-image-preview:large","max-video-preview":"max-video-preview:-1"},"canonical":"https:\/\/www.svmuttensweiler.de\/page\/fussball\/sponsoren\/","og_locale":"de_DE","og_type":"article","og_title":"Sponsoren - SV Ingoldingen - Muttensweiler - Steinhausen e.V.","og_description":"\u00a0 A+B Ingoldingen Asphaltwerk Allianz Agentur Maucher und Betz OHG Allianz Agentur K\u00f6hler Biberach Bernd Fessler Fliesenleger C &amp; H Gruppe GmbH F.X. Schmid Metallbau Gasthaus Kreuz H\u00e4gele stemmts &#8211; Torsten H\u00e4gele Josef Bendel GmbH Optik Kontaktlinsen Kreissparkasse Biberach KS Bautec GbR Landgasthof zur Linde LUTZ GmbH Metzler Werbung Raiffeisenbank Bad Schussenried-Aulendorf eG Reger &amp; [&hellip;]","og_url":"https:\/\/www.svmuttensweiler.de\/page\/fussball\/sponsoren\/","og_site_name":"SV Ingoldingen - Muttensweiler - Steinhausen e.V.","article_publisher":"https:\/\/www.facebook.com\/svmuttensweiler\/?locale=de_DE","article_modified_time":"2023-05-03T09:05:49+00:00","twitter_card":"summary_large_image","twitter_misc":{"Gesch\u00e4tzte Lesezeit":"1\u00a0Minute"},"schema":{"@context":"https:\/\/schema.org","@graph":[{"@type":"WebPage","@id":"https:\/\/www.svmuttensweiler.de\/page\/fussball\/sponsoren\/","url":"https:\/\/www.svmuttensweiler.de\/page\/fussball\/sponsoren\/","name":"Sponsoren - SV Ingoldingen - Muttensweiler - Steinhausen e.V.","isPartOf":{"@id":"https:\/\/www.svmuttensweiler.de\/page\/#website"},"datePublished":"2015-08-04T17:39:07+00:00","dateModified":"2023-05-03T09:05:49+00:00","breadcrumb":{"@id":"https:\/\/www.svmuttensweiler.de\/page\/fussball\/sponsoren\/#breadcrumb"},"inLanguage":"de","potentialAction":[{"@type":"ReadAction","target":["https:\/\/www.svmuttensweiler.de\/page\/fussball\/sponsoren\/"]}]},{"@type":"BreadcrumbList","@id":"https:\/\/www.svmuttensweiler.de\/page\/fussball\/sponsoren\/#breadcrumb","itemListElement":[{"@type":"ListItem","position":1,"name":"Startseite","item":"https:\/\/www.svmuttensweiler.de\/page\/"},{"@type":"ListItem","position":2,"name":"Fussball","item":"https:\/\/www.svmuttensweiler.de\/page\/fussball\/"},{"@type":"ListItem","position":3,"name":"Sponsoren"}]},{"@type":"WebSite","@id":"https:\/\/www.svmuttensweiler.de\/page\/#website","url":"https:\/\/www.svmuttensweiler.de\/page\/","name":"SV Ingoldingen - Muttensweiler - Steinhausen e.V.","description":"Homepage","publisher":{"@id":"https:\/\/www.svmuttensweiler.de\/page\/#organization"},"alternateName":"SV Muttensweiler","potentialAction":[{"@type":"SearchAction","target":{"@type":"EntryPoint","urlTemplate":"https:\/\/www.svmuttensweiler.de\/page\/?s={search_term_string}"},"query-input":{"@type":"PropertyValueSpecification","valueRequired":true,"valueName":"search_term_string"}}],"inLanguage":"de"},{"@type":"Organization","@id":"https:\/\/www.svmuttensweiler.de\/page\/#organization","name":"SV Ingoldingen - Muttensweiler - Steinhausen e.V.","url":"https:\/\/www.svmuttensweiler.de\/page\/","logo":{"@type":"ImageObject","inLanguage":"de","@id":"https:\/\/www.svmuttensweiler.de\/page\/#\/schema\/logo\/image\/","url":"https:\/\/www.svmuttensweiler.de\/page\/wp-content\/uploads\/2023\/04\/Logo-gemalt.jpg","contentUrl":"https:\/\/www.svmuttensweiler.de\/page\/wp-content\/uploads\/2023\/04\/Logo-gemalt.jpg","width":382,"height":378,"caption":"SV Ingoldingen - Muttensweiler - Steinhausen e.V."},"image":{"@id":"https:\/\/www.svmuttensweiler.de\/page\/#\/schema\/logo\/image\/"},"sameAs":["https:\/\/www.facebook.com\/svmuttensweiler\/?locale=de_DE"]}]}},"_links":{"self":[{"href":"https:\/\/www.svmuttensweiler.de\/page\/wp-json\/wp\/v2\/pages\/912","targetHints":{"allow":["GET"]}}],"collection":[{"href":"https:\/\/www.svmuttensweiler.de\/page\/wp-json\/wp\/v2\/pages"}],"about":[{"href":"https:\/\/www.svmuttensweiler.de\/page\/wp-json\/wp\/v2\/types\/page"}],"author":[{"embeddable":true,"href":"https:\/\/www.svmuttensweiler.de\/page\/wp-json\/wp\/v2\/users\/1"}],"replies":[{"embeddable":true,"href":"https:\/\/www.svmuttensweiler.de\/page\/wp-json\/wp\/v2\/comments?post=912"}],"version-history":[{"count":2,"href":"https:\/\/www.svmuttensweiler.de\/page\/wp-json\/wp\/v2\/pages\/912\/revisions"}],"predecessor-version":[{"id":3031,"href":"https:\/\/www.svmuttensweiler.de\/page\/wp-json\/wp\/v2\/pages\/912\/revisions\/3031"}],"up":[{"embeddable":true,"href":"https:\/\/www.svmuttensweiler.de\/page\/wp-json\/wp\/v2\/pages\/101"}],"wp:attachment":[{"href":"https:\/\/www.svmuttensweiler.de\/page\/wp-json\/wp\/v2\/media?parent=912"}],"curies":[{"name":"wp","href":"https:\/\/api.w.org\/{rel}","templated":true}]}}